{"id":1415,"date":"2023-05-23T13:22:51","date_gmt":"2023-05-23T11:22:51","guid":{"rendered":"http:\/\/royalcomfort.cz\/?page_id=1415"},"modified":"2023-06-01T08:59:32","modified_gmt":"2023-06-01T06:59:32","slug":"buying-guide","status":"publish","type":"page","link":"https:\/\/www.royalcomfort.cz\/en\/pruvodce-nakupem","title":{"rendered":"Buying Guide"},"content":{"rendered":"<div data-elementor-type=\"wp-page\" data-elementor-id=\"1415\" class=\"elementor elementor-1415\" data-elementor-post-type=\"page\">\n\t\t\t\t\t\t<section class=\"elementor-section elementor-top-section elementor-element elementor-element-f118417 elementor-section-boxed elementor-section-height-default elementor-section-height-default\" data-id=\"f118417\" data-element_type=\"section\" data-e-type=\"section\" data-settings=\"{&quot;jet_parallax_layout_list&quot;:[]}\">\n\t\t\t\t\t\t\t<div class=\"elementor-background-overlay\"><\/div>\n\t\t\t\t\t\t\t<div class=\"elementor-container elementor-column-gap-default\">\n\t\t\t\t\t<div class=\"elementor-column elementor-col-50 elementor-top-column elementor-element elementor-element-152f0c0\" data-id=\"152f0c0\" data-element_type=\"column\" data-e-type=\"column\">\n\t\t\t<div class=\"elementor-widget-wrap elementor-element-populated\">\n\t\t\t\t\t\t<div class=\"elementor-element elementor-element-194d9df elementor-widget elementor-widget-heading\" data-id=\"194d9df\" data-element_type=\"widget\" data-e-type=\"widget\" data-widget_type=\"heading.default\">\n\t\t\t\t<div class=\"elementor-widget-container\">\n\t\t\t\t\t<h1 class=\"elementor-heading-title elementor-size-default\">BUYING GUIDE<\/h1>\t\t\t\t<\/div>\n\t\t\t\t<\/div>\n\t\t\t\t<div class=\"elementor-element elementor-element-6a486ac elementor-widget-divider--view-line elementor-widget elementor-widget-divider\" data-id=\"6a486ac\" data-element_type=\"widget\" data-e-type=\"widget\" data-widget_type=\"divider.default\">\n\t\t\t\t<div class=\"elementor-widget-container\">\n\t\t\t\t\t\t\t<div class=\"elementor-divider\">\n\t\t\t<span class=\"elementor-divider-separator\">\n\t\t\t\t\t\t<\/span>\n\t\t<\/div>\n\t\t\t\t\t\t<\/div>\n\t\t\t\t<\/div>\n\t\t\t\t\t<\/div>\n\t\t<\/div>\n\t\t\t\t<div class=\"elementor-column elementor-col-50 elementor-top-column elementor-element elementor-element-7632584\" data-id=\"7632584\" data-element_type=\"column\" data-e-type=\"column\">\n\t\t\t<div class=\"elementor-widget-wrap elementor-element-populated\">\n\t\t\t\t\t\t<div class=\"elementor-element elementor-element-ed2d04a elementor-skin-coverflow elementor-widget elementor-widget-media-carousel\" data-id=\"ed2d04a\" data-element_type=\"widget\" data-e-type=\"widget\" data-settings=\"{&quot;skin&quot;:&quot;coverflow&quot;,&quot;autoplay_speed&quot;:2000,&quot;space_between&quot;:{&quot;unit&quot;:&quot;px&quot;,&quot;size&quot;:-80,&quot;sizes&quot;:[]},&quot;space_between_tablet&quot;:{&quot;unit&quot;:&quot;px&quot;,&quot;size&quot;:-25,&quot;sizes&quot;:[]},&quot;space_between_mobile&quot;:{&quot;unit&quot;:&quot;px&quot;,&quot;size&quot;:0,&quot;sizes&quot;:[]},&quot;speed&quot;:500,&quot;autoplay&quot;:&quot;yes&quot;,&quot;loop&quot;:&quot;yes&quot;,&quot;pause_on_hover&quot;:&quot;yes&quot;,&quot;pause_on_interaction&quot;:&quot;yes&quot;}\" data-widget_type=\"media-carousel.default\">\n\t\t\t\t<div class=\"elementor-widget-container\">\n\t\t\t\t\t\t\t\t\t<div class=\"elementor-swiper\">\n\t\t\t\t\t<div class=\"elementor-main-swiper swiper\" role=\"region\" aria-roledescription=\"carousel\" aria-label=\"Slides\" data-no-translation-aria-label=\"\">\n\t\t\t\t<div class=\"swiper-wrapper\">\n\t\t\t\t\t\t\t\t\t\t\t<div class=\"swiper-slide\" role=\"group\" aria-roledescription=\"slide\">\n\t\t\t\t\t\t\t\t\t<div class=\"elementor-carousel-image\" role=\"img\" aria-label=\"\u0414\u0438\u0437\u0430\u0438\u0306\u043d \u0431\u0435\u0437 \u043d\u0430\u0437\u0432\u0430\u043d\u0438\u044f (33)\" style=\"background-image: url(&#039;https:\/\/www.royalcomfort.cz\/wp-content\/uploads\/2023\/04\/\u0414\u0438\u0437\u0430\u0438\u0306\u043d-\u0431\u0435\u0437-\u043d\u0430\u0437\u0432\u0430\u043d\u0438\u044f-33.png&#039;)\">\n\n\t\t\t\n\t\t\t\t\t<\/div>\n\t\t\t\t\t\t\t\t<\/div>\n\t\t\t\t\t\t\t\t\t\t\t<div class=\"swiper-slide\" role=\"group\" aria-roledescription=\"slide\">\n\t\t\t\t\t\t\t\t\t<div class=\"elementor-carousel-image\" role=\"img\" aria-label=\"2-banner-doplnky-12\" style=\"background-image: url(&#039;https:\/\/www.royalcomfort.cz\/wp-content\/uploads\/2023\/05\/2-banner-doplnky-12.png&#039;)\">\n\n\t\t\t\n\t\t\t\t\t<\/div>\n\t\t\t\t\t\t\t\t<\/div>\n\t\t\t\t\t\t\t\t\t\t\t<div class=\"swiper-slide\" role=\"group\" aria-roledescription=\"slide\">\n\t\t\t\t\t\t\t\t\t<div class=\"elementor-carousel-image\" role=\"img\" aria-label=\"1-banner-luzkoviny-08\" style=\"background-image: url(&#039;https:\/\/www.royalcomfort.cz\/wp-content\/uploads\/2023\/05\/1-banner-luzkoviny-08.png&#039;)\">\n\n\t\t\t\n\t\t\t\t\t<\/div>\n\t\t\t\t\t\t\t\t<\/div>\n\t\t\t\t\t\t\t\t\t\t\t<div class=\"swiper-slide\" role=\"group\" aria-roledescription=\"slide\">\n\t\t\t\t\t\t\t\t\t<div class=\"elementor-carousel-image\" role=\"img\" aria-label=\"2-banner-postele-09\" style=\"background-image: url(&#039;https:\/\/www.royalcomfort.cz\/wp-content\/uploads\/2023\/05\/2-banner-postele-09-1.png&#039;)\">\n\n\t\t\t\n\t\t\t\t\t<\/div>\n\t\t\t\t\t\t\t\t<\/div>\n\t\t\t\t\t\t\t\t\t\t\t<div class=\"swiper-slide\" role=\"group\" aria-roledescription=\"slide\">\n\t\t\t\t\t\t\t\t\t<div class=\"elementor-carousel-image\" role=\"img\" aria-label=\"2-banner-matrace-02\" style=\"background-image: url(&#039;https:\/\/www.royalcomfort.cz\/wp-content\/uploads\/2023\/05\/2-banner-matrace-02.png&#039;)\">\n\n\t\t\t\n\t\t\t\t\t<\/div>\n\t\t\t\t\t\t\t\t<\/div>\n\t\t\t\t\t\t\t\t\t<\/div>\n\t\t\t\t\t\t\t\t\t\t\t\t\t\t\t\t\t\t\t\t\t<\/div>\n\t\t\t\t<\/div>\n\t\t\t\t\t\t\t\t<\/div>\n\t\t\t\t<\/div>\n\t\t\t\t\t<\/div>\n\t\t<\/div>\n\t\t\t\t\t<\/div>\n\t\t<\/section>\n\t\t\t\t<section class=\"elementor-section elementor-top-section elementor-element elementor-element-27c40c5 elementor-section-boxed elementor-section-height-default elementor-section-height-default\" data-id=\"27c40c5\" data-element_type=\"section\" data-e-type=\"section\" data-settings=\"{&quot;jet_parallax_layout_list&quot;:[]}\">\n\t\t\t\t\t\t<div class=\"elementor-container elementor-column-gap-default\">\n\t\t\t\t\t<div class=\"elementor-column elementor-col-100 elementor-top-column elementor-element elementor-element-061be21\" data-id=\"061be21\" data-element_type=\"column\" data-e-type=\"column\">\n\t\t\t<div class=\"elementor-widget-wrap elementor-element-populated\">\n\t\t\t\t\t\t<div class=\"elementor-element elementor-element-2252360 elementor-widget elementor-widget-text-editor\" data-id=\"2252360\" data-element_type=\"widget\" data-e-type=\"widget\" data-widget_type=\"text-editor.default\">\n\t\t\t\t<div class=\"elementor-widget-container\">\n\t\t\t\t\t\t\t\t\t<h3>HOW TO CHOOSE THE RIGHT MATTRESS<\/h3><p>On average, a person spends a third of his or her life sleeping. During sleep, physical functions are restored. Poor quality and insufficient sleep can compromise our physical and mental health. These problems can be avoided if we take care in choosing a good quality bed, especially a mattress. Although there is no universal guide to choosing a bed, here are some important points to think about before buying your new bed.<\/p><h4>WHAT IS THE BEST MATTRESS?<\/h4><p>We recommend choosing the right mattress in person. Given the individual needs of each of us, it is important not to underestimate the choice and not to rely only on general recommendations. We choose the right mattress according to our weight and height, the position in which we sleep and, last but not least, our personal preferences - whether we prefer natural materials or are allergic and whether we prefer to sleep on a harder or softer mattress.<\/p><p>Here are some basic points that every customer who wants a good night's sleep should make clear before choosing a mattress. Below you will find some basic advice on how to choose a good quality mattress, for more detailed information see each of our\u00a0<a href=\"https:\/\/www.royalcomfort.cz\/en\/kontakty\/\">showrooms<\/a>.<\/p><h4>MATTRESS SIZE AND DIVISION<\/h4><ul><li>according to the height of the person - here we use a relatively simple rule that the length of the mattress should be 20 cm higher than your height. Our company, like most manufacturers of quality mattresses, will provide you with a custom-made mattress in any size (the largest mattress King Koil supplied in Europe was 240\u00d7240 cm).<\/li><li>split mattresses or mattresses in one piece? Unfortunately, there is no simple answer to this question. Visit one of our showrooms to discuss the advantages and disadvantages of split or joined mattresses.<\/li><\/ul><h4>TYPE OF MATTRESS<\/h4><ul><li>preference for natural materials<ul><li>horsehair\u00a0<\/li><li>camel wool\u00a0<\/li><li>natural latex<\/li><li>Cashmere\u00a0<\/li><li>Silk\u00a0<\/li><\/ul><\/li><li>Anti-allergenic mattress<ul><li>mattress without natural materials suitable for allergy sufferers<\/li><\/ul><\/li><li>height of the mattress - the most important thing is of course to choose the mattress that will suit you best, but you must not forget about the correct height of the bed which should be about 60-65 cm (depending on the height of your body). In our showrooms we will be happy to show you how to know the correct bed height.<\/li><\/ul><h4>MATTRESS HARDNESS<\/h4><ul><li>soft ( SOFT )<\/li><li>medium ( MEDIUM )<\/li><li>hard ( FIRM )<\/li><\/ul><p>The firmness of the mattress depends not only on personal preference but also on the weight of the sleeper. The range is slightly different for each mattress, but on average it is recommended for weights up to 75 kg SOFT, up to 110 kg MEDIUM and up to 140 kg FIRM.<br \/>In the case of harder mattresses, it is possible to purchase\u00a0<a title=\"Topper mattress Topper\" href=\"https:\/\/www.royalcomfort.cz\/en\/svrchni-matrace-topper\/\">TOPPER<\/a>\u00a0(The topper softens the mattress, complements the natural materials and can connect two mattresses.<\/p><h4>SLEEP POSITION<\/h4><ul><li>on the back - any choice<\/li><li>on the side - mattress with 5 zones. Springs divided into 5 zones adapt better to your body. Each zone contains springs of varying firmness that work on pressure points, releasing them and aligning the spine to its natural position.<\/li><\/ul><h3>BED SELECTION<\/h3><p>Everyone who is not indifferent to the quality of the environment in which they live should take care over the choice of bed and not be satisfied with the compromises that are offered to customers today. The bed should be the dominant feature of the bedroom, appropriately matched to the atmosphere of the whole bedroom. In this regard, King Koil offers a superior selection of sizes and colours from which the customer can choose. In our range you can choose from more than 250 types of upholstery fabrics including genuine leather and 15 different types of headboards. A tasteful choice of headboard and bed colour will give your bedroom a stunning atmosphere.<\/p><h4>IN OUR ASSORTMENT YOU CAN FIND TWO BASIC TYPES OF BEDS:<\/h4><p>FRAME BED - consists of a triangular frame and a headboard<\/p><p>Continental bed (often also called American bed)-advantages of American beds:<\/p><ul><li>You can assemble the bed according to your own ideas from two parts<ul><li><a title=\"Bed bases\" href=\"https:\/\/www.royalcomfort.cz\/en\/boxspringy\/\">boxspring<\/a>\u00a0( bed bases with spring system ) often also called springboxes<\/li><li>bed headboard<\/li><\/ul><\/li><li>choice of height and design<\/li><li>boxsprings can be equipped with wheels for better handling<\/li><\/ul><h4>SCISSORS<\/h4><p>You can choose from a wide range of sizes, designs, colours and materials. We recommend solid wood material and a height of 12 cm for easier access to the space under the bed.<\/p><h4>COATING MATERIALS<\/h4><p>We offer a choice of more than 250 types of upholstery fabrics from textile to leather to natural leather. We will be happy to show you the advantages and colours of each material in our showrooms. A preview of the colour spectrum of our upholstery materials can be found here<\/p>\t\t\t\t\t\t\t\t<\/div>\n\t\t\t\t<\/div>\n\t\t\t\t\t<\/div>\n\t\t<\/div>\n\t\t\t\t\t<\/div>\n\t\t<\/section>\n\t\t\t\t<section class=\"elementor-section elementor-top-section elementor-element elementor-element-f86e956 elementor-section-boxed elementor-section-height-default elementor-section-height-default\" data-id=\"f86e956\" data-element_type=\"section\" data-e-type=\"section\" data-settings=\"{&quot;jet_parallax_layout_list&quot;:[]}\">\n\t\t\t\t\t\t\t<div class=\"elementor-background-overlay\"><\/div>\n\t\t\t\t\t\t\t<div class=\"elementor-container elementor-column-gap-default\">\n\t\t\t\t\t<div class=\"elementor-column elementor-col-100 elementor-top-column elementor-element elementor-element-591f2dc\" data-id=\"591f2dc\" data-element_type=\"column\" data-e-type=\"column\">\n\t\t\t<div class=\"elementor-widget-wrap\">\n\t\t\t\t\t\t\t<\/div>\n\t\t<\/div>\n\t\t\t\t\t<\/div>\n\t\t<\/section>\n\t\t\t\t<\/div>","protected":false},"excerpt":{"rendered":"<p>PR\u016eVODCE N\u00c1KUPEM JAK VYBRAT SPR\u00c1VNOU MATRACI Sp\u00e1nkem \u010dlov\u011bk tr\u00e1v\u00ed v pr\u016fm\u011bru t\u0159etinu \u017eivota. B\u011bhem sp\u00e1nku se obnovuj\u00ed fyzick\u00e9 funkce. Nekvalitn\u00ed a nedostate\u010dn\u00fd sp\u00e1nek m\u016f\u017ee ohrozit na\u0161e t\u011blesn\u00e9 i du\u0161evn\u00ed zdrav\u00ed. T\u011bmto probl\u00e9m\u016fm se m\u016f\u017eeme vyhnout, pokud se budeme pe\u010dliv\u011b v\u011bnovat v\u00fdb\u011bru kvalitn\u00edho l\u016f\u017eka, zejm\u00e9na matrace. P\u0159esto\u017ee neexistuje univerz\u00e1ln\u00ed n\u00e1vod pro v\u00fdb\u011br l\u016f\u017eka, nab\u00edz\u00edme v\u00e1m n\u011bkolik [&hellip;]<\/p>\n","protected":false},"author":1,"featured_media":0,"parent":0,"menu_order":0,"comment_status":"closed","ping_status":"closed","template":"","meta":{"inline_featured_image":false,"footnotes":""},"class_list":["post-1415","page","type-page","status-publish","hentry"],"yoast_head":"<!-- This site is optimized with the Yoast SEO plugin v27.5 - https:\/\/yoast.com\/product\/yoast-seo-wordpress\/ -->\n<title>Pr\u016fvodce n\u00e1kupem | Royalcomfort.cz<\/title>\n<meta name=\"robots\" content=\"index, follow, max-snippet:-1, max-image-preview:large, max-video-preview:-1\" \/>\n<link rel=\"canonical\" href=\"https:\/\/www.royalcomfort.cz\/en\/buying-guide\/\" \/>\n<meta property=\"og:locale\" content=\"en_GB\" \/>\n<meta property=\"og:type\" content=\"article\" \/>\n<meta property=\"og:title\" content=\"Pr\u016fvodce n\u00e1kupem | Royalcomfort.cz\" \/>\n<meta property=\"og:description\" content=\"PR\u016eVODCE N\u00c1KUPEM JAK VYBRAT SPR\u00c1VNOU MATRACI Sp\u00e1nkem \u010dlov\u011bk tr\u00e1v\u00ed v pr\u016fm\u011bru t\u0159etinu \u017eivota. B\u011bhem sp\u00e1nku se obnovuj\u00ed fyzick\u00e9 funkce. Nekvalitn\u00ed a nedostate\u010dn\u00fd sp\u00e1nek m\u016f\u017ee ohrozit na\u0161e t\u011blesn\u00e9 i du\u0161evn\u00ed zdrav\u00ed. T\u011bmto probl\u00e9m\u016fm se m\u016f\u017eeme vyhnout, pokud se budeme pe\u010dliv\u011b v\u011bnovat v\u00fdb\u011bru kvalitn\u00edho l\u016f\u017eka, zejm\u00e9na matrace. P\u0159esto\u017ee neexistuje univerz\u00e1ln\u00ed n\u00e1vod pro v\u00fdb\u011br l\u016f\u017eka, nab\u00edz\u00edme v\u00e1m n\u011bkolik [&hellip;]\" \/>\n<meta property=\"og:url\" content=\"https:\/\/www.royalcomfort.cz\/en\/buying-guide\/\" \/>\n<meta property=\"og:site_name\" content=\"Royalcomfort.cz\" \/>\n<meta property=\"article:publisher\" content=\"https:\/\/www.facebook.com\/KingKoilCz\" \/>\n<meta property=\"article:modified_time\" content=\"2023-06-01T06:59:32+00:00\" \/>\n<meta name=\"twitter:card\" content=\"summary_large_image\" \/>\n<meta name=\"twitter:label1\" content=\"Estimated reading time\" \/>\n\t<meta name=\"twitter:data1\" content=\"5 minutes\" \/>\n<script type=\"application\/ld+json\" class=\"yoast-schema-graph\">{\"@context\":\"https:\\\/\\\/schema.org\",\"@graph\":[{\"@type\":\"WebPage\",\"@id\":\"https:\\\/\\\/www.royalcomfort.cz\\\/pruvodce-nakupem\",\"url\":\"https:\\\/\\\/www.royalcomfort.cz\\\/pruvodce-nakupem\",\"name\":\"Pr\u016fvodce n\u00e1kupem | Royalcomfort.cz\",\"isPartOf\":{\"@id\":\"https:\\\/\\\/www.royalcomfort.cz\\\/#website\"},\"datePublished\":\"2023-05-23T11:22:51+00:00\",\"dateModified\":\"2023-06-01T06:59:32+00:00\",\"breadcrumb\":{\"@id\":\"https:\\\/\\\/www.royalcomfort.cz\\\/pruvodce-nakupem#breadcrumb\"},\"inLanguage\":\"en-GB\",\"potentialAction\":[{\"@type\":\"ReadAction\",\"target\":[\"https:\\\/\\\/www.royalcomfort.cz\\\/pruvodce-nakupem\"]}]},{\"@type\":\"BreadcrumbList\",\"@id\":\"https:\\\/\\\/www.royalcomfort.cz\\\/pruvodce-nakupem#breadcrumb\",\"itemListElement\":[{\"@type\":\"ListItem\",\"position\":1,\"name\":\"Dom\u016f\",\"item\":\"https:\\\/\\\/www.royalcomfort.cz\\\/\"},{\"@type\":\"ListItem\",\"position\":2,\"name\":\"Pr\u016fvodce n\u00e1kupem\"}]},{\"@type\":\"WebSite\",\"@id\":\"https:\\\/\\\/www.royalcomfort.cz\\\/#website\",\"url\":\"https:\\\/\\\/www.royalcomfort.cz\\\/\",\"name\":\"Royalcomfort.cz\",\"description\":\"Luxusn\u00ed kontinent\u00e1ln\u00ed postele a matrace\",\"publisher\":{\"@id\":\"https:\\\/\\\/www.royalcomfort.cz\\\/#organization\"},\"potentialAction\":[{\"@type\":\"SearchAction\",\"target\":{\"@type\":\"EntryPoint\",\"urlTemplate\":\"https:\\\/\\\/www.royalcomfort.cz\\\/?s={search_term_string}\"},\"query-input\":{\"@type\":\"PropertyValueSpecification\",\"valueRequired\":true,\"valueName\":\"search_term_string\"}}],\"inLanguage\":\"en-GB\"},{\"@type\":\"Organization\",\"@id\":\"https:\\\/\\\/www.royalcomfort.cz\\\/#organization\",\"name\":\"Royal Comfort\",\"url\":\"https:\\\/\\\/www.royalcomfort.cz\\\/\",\"logo\":{\"@type\":\"ImageObject\",\"inLanguage\":\"en-GB\",\"@id\":\"https:\\\/\\\/www.royalcomfort.cz\\\/#\\\/schema\\\/logo\\\/image\\\/\",\"url\":\"http:\\\/\\\/royalcomfort.cz\\\/wp-content\\\/uploads\\\/2023\\\/05\\\/Royal_Comfort_logo_slogan_primarni-2.png\",\"contentUrl\":\"http:\\\/\\\/royalcomfort.cz\\\/wp-content\\\/uploads\\\/2023\\\/05\\\/Royal_Comfort_logo_slogan_primarni-2.png\",\"width\":631,\"height\":285,\"caption\":\"Royal Comfort\"},\"image\":{\"@id\":\"https:\\\/\\\/www.royalcomfort.cz\\\/#\\\/schema\\\/logo\\\/image\\\/\"},\"sameAs\":[\"https:\\\/\\\/www.facebook.com\\\/KingKoilCz\"]}]}<\/script>\n<!-- \/ Yoast SEO plugin. -->","yoast_head_json":{"title":"Buying Guide | Royalcomfort.cz","robots":{"index":"index","follow":"follow","max-snippet":"max-snippet:-1","max-image-preview":"max-image-preview:large","max-video-preview":"max-video-preview:-1"},"canonical":"https:\/\/www.royalcomfort.cz\/en\/buying-guide\/","og_locale":"en_GB","og_type":"article","og_title":"Pr\u016fvodce n\u00e1kupem | Royalcomfort.cz","og_description":"PR\u016eVODCE N\u00c1KUPEM JAK VYBRAT SPR\u00c1VNOU MATRACI Sp\u00e1nkem \u010dlov\u011bk tr\u00e1v\u00ed v pr\u016fm\u011bru t\u0159etinu \u017eivota. B\u011bhem sp\u00e1nku se obnovuj\u00ed fyzick\u00e9 funkce. Nekvalitn\u00ed a nedostate\u010dn\u00fd sp\u00e1nek m\u016f\u017ee ohrozit na\u0161e t\u011blesn\u00e9 i du\u0161evn\u00ed zdrav\u00ed. T\u011bmto probl\u00e9m\u016fm se m\u016f\u017eeme vyhnout, pokud se budeme pe\u010dliv\u011b v\u011bnovat v\u00fdb\u011bru kvalitn\u00edho l\u016f\u017eka, zejm\u00e9na matrace. P\u0159esto\u017ee neexistuje univerz\u00e1ln\u00ed n\u00e1vod pro v\u00fdb\u011br l\u016f\u017eka, nab\u00edz\u00edme v\u00e1m n\u011bkolik [&hellip;]","og_url":"https:\/\/www.royalcomfort.cz\/en\/buying-guide\/","og_site_name":"Royalcomfort.cz","article_publisher":"https:\/\/www.facebook.com\/KingKoilCz","article_modified_time":"2023-06-01T06:59:32+00:00","twitter_card":"summary_large_image","twitter_misc":{"Estimated reading time":"5 minutes"},"schema":{"@context":"https:\/\/schema.org","@graph":[{"@type":"WebPage","@id":"https:\/\/www.royalcomfort.cz\/pruvodce-nakupem","url":"https:\/\/www.royalcomfort.cz\/pruvodce-nakupem","name":"Buying Guide | Royalcomfort.cz","isPartOf":{"@id":"https:\/\/www.royalcomfort.cz\/#website"},"datePublished":"2023-05-23T11:22:51+00:00","dateModified":"2023-06-01T06:59:32+00:00","breadcrumb":{"@id":"https:\/\/www.royalcomfort.cz\/pruvodce-nakupem#breadcrumb"},"inLanguage":"en-GB","potentialAction":[{"@type":"ReadAction","target":["https:\/\/www.royalcomfort.cz\/pruvodce-nakupem"]}]},{"@type":"BreadcrumbList","@id":"https:\/\/www.royalcomfort.cz\/pruvodce-nakupem#breadcrumb","itemListElement":[{"@type":"ListItem","position":1,"name":"Dom\u016f","item":"https:\/\/www.royalcomfort.cz\/"},{"@type":"ListItem","position":2,"name":"Pr\u016fvodce n\u00e1kupem"}]},{"@type":"WebSite","@id":"https:\/\/www.royalcomfort.cz\/#website","url":"https:\/\/www.royalcomfort.cz\/","name":"Royalcomfort.cz","description":"Luxury continental beds and mattresses","publisher":{"@id":"https:\/\/www.royalcomfort.cz\/#organization"},"potentialAction":[{"@type":"SearchAction","target":{"@type":"EntryPoint","urlTemplate":"https:\/\/www.royalcomfort.cz\/?s={search_term_string}"},"query-input":{"@type":"PropertyValueSpecification","valueRequired":true,"valueName":"search_term_string"}}],"inLanguage":"en-GB"},{"@type":"Organization","@id":"https:\/\/www.royalcomfort.cz\/#organization","name":"Royal Comfort","url":"https:\/\/www.royalcomfort.cz\/","logo":{"@type":"ImageObject","inLanguage":"en-GB","@id":"https:\/\/www.royalcomfort.cz\/#\/schema\/logo\/image\/","url":"http:\/\/royalcomfort.cz\/wp-content\/uploads\/2023\/05\/Royal_Comfort_logo_slogan_primarni-2.png","contentUrl":"http:\/\/royalcomfort.cz\/wp-content\/uploads\/2023\/05\/Royal_Comfort_logo_slogan_primarni-2.png","width":631,"height":285,"caption":"Royal Comfort"},"image":{"@id":"https:\/\/www.royalcomfort.cz\/#\/schema\/logo\/image\/"},"sameAs":["https:\/\/www.facebook.com\/KingKoilCz"]}]}},"_links":{"self":[{"href":"https:\/\/www.royalcomfort.cz\/en\/wp-json\/wp\/v2\/pages\/1415","targetHints":{"allow":["GET"]}}],"collection":[{"href":"https:\/\/www.royalcomfort.cz\/en\/wp-json\/wp\/v2\/pages"}],"about":[{"href":"https:\/\/www.royalcomfort.cz\/en\/wp-json\/wp\/v2\/types\/page"}],"author":[{"embeddable":true,"href":"https:\/\/www.royalcomfort.cz\/en\/wp-json\/wp\/v2\/users\/1"}],"replies":[{"embeddable":true,"href":"https:\/\/www.royalcomfort.cz\/en\/wp-json\/wp\/v2\/comments?post=1415"}],"version-history":[{"count":22,"href":"https:\/\/www.royalcomfort.cz\/en\/wp-json\/wp\/v2\/pages\/1415\/revisions"}],"predecessor-version":[{"id":3212,"href":"https:\/\/www.royalcomfort.cz\/en\/wp-json\/wp\/v2\/pages\/1415\/revisions\/3212"}],"wp:attachment":[{"href":"https:\/\/www.royalcomfort.cz\/en\/wp-json\/wp\/v2\/media?parent=1415"}],"curies":[{"name":"wp","href":"https:\/\/api.w.org\/{rel}","templated":true}]}}