{"id":3292,"date":"2023-06-30T12:16:01","date_gmt":"2023-06-30T10:16:01","guid":{"rendered":"https:\/\/www.royalcomfort.cz\/?page_id=3292"},"modified":"2025-01-10T09:02:40","modified_gmt":"2025-01-10T08:02:40","slug":"elementor-3292","status":"publish","type":"page","link":"https:\/\/www.royalcomfort.cz\/en\/elementor-3292","title":{"rendered":"Terms and conditions of competitions"},"content":{"rendered":"<div data-elementor-type=\"wp-page\" data-elementor-id=\"3292\" class=\"elementor elementor-3292\" data-elementor-post-type=\"page\">\n\t\t\t\t\t\t<section class=\"elementor-section elementor-top-section elementor-element elementor-element-600768c elementor-section-boxed elementor-section-height-default elementor-section-height-default\" data-id=\"600768c\" data-element_type=\"section\" data-e-type=\"section\" data-settings=\"{&quot;jet_parallax_layout_list&quot;:[]}\">\n\t\t\t\t\t\t\t<div class=\"elementor-background-overlay\"><\/div>\n\t\t\t\t\t\t\t<div class=\"elementor-container elementor-column-gap-default\">\n\t\t\t\t\t<div class=\"elementor-column elementor-col-50 elementor-top-column elementor-element elementor-element-a01f4b1\" data-id=\"a01f4b1\" data-element_type=\"column\" data-e-type=\"column\">\n\t\t\t<div class=\"elementor-widget-wrap elementor-element-populated\">\n\t\t\t\t\t\t<div class=\"elementor-element elementor-element-029a7b8 elementor-widget elementor-widget-heading\" data-id=\"029a7b8\" data-element_type=\"widget\" data-e-type=\"widget\" data-widget_type=\"heading.default\">\n\t\t\t\t<div class=\"elementor-widget-container\">\n\t\t\t\t\t<h1 class=\"elementor-heading-title elementor-size-default\">CONDITIONS OF COMPETITIONS <\/h1>\t\t\t\t<\/div>\n\t\t\t\t<\/div>\n\t\t\t\t<div class=\"elementor-element elementor-element-2b82b31 elementor-widget-divider--view-line elementor-widget elementor-widget-divider\" data-id=\"2b82b31\" data-element_type=\"widget\" data-e-type=\"widget\" data-widget_type=\"divider.default\">\n\t\t\t\t<div class=\"elementor-widget-container\">\n\t\t\t\t\t\t\t<div class=\"elementor-divider\">\n\t\t\t<span class=\"elementor-divider-separator\">\n\t\t\t\t\t\t<\/span>\n\t\t<\/div>\n\t\t\t\t\t\t<\/div>\n\t\t\t\t<\/div>\n\t\t\t\t<div class=\"elementor-element elementor-element-7fe624a elementor-widget elementor-widget-text-editor\" data-id=\"7fe624a\" data-element_type=\"widget\" data-e-type=\"widget\" data-widget_type=\"text-editor.default\">\n\t\t\t\t<div class=\"elementor-widget-container\">\n\t\t\t\t\t\t\t\t\t<p><b>Royal Comfort s.r.o.<\/b><\/p>\t\t\t\t\t\t\t\t<\/div>\n\t\t\t\t<\/div>\n\t\t\t\t<div class=\"elementor-element elementor-element-a3cc77e elementor-widget elementor-widget-text-editor\" data-id=\"a3cc77e\" data-element_type=\"widget\" data-e-type=\"widget\" data-widget_type=\"text-editor.default\">\n\t\t\t\t<div class=\"elementor-widget-container\">\n\t\t\t\t\t\t\t\t\t<p>ID: 29156173<br \/>VAT NUMBER: CZ 29156173<br \/>File No.: C 326413 filed with the Municipal Court in Prague<\/p>\t\t\t\t\t\t\t\t<\/div>\n\t\t\t\t<\/div>\n\t\t\t\t\t<\/div>\n\t\t<\/div>\n\t\t\t\t<div class=\"elementor-column elementor-col-50 elementor-top-column elementor-element elementor-element-95f91e9\" data-id=\"95f91e9\" data-element_type=\"column\" data-e-type=\"column\">\n\t\t\t<div class=\"elementor-widget-wrap elementor-element-populated\">\n\t\t\t\t\t\t<div class=\"elementor-element elementor-element-507068c elementor-skin-coverflow elementor-widget elementor-widget-media-carousel\" data-id=\"507068c\" data-element_type=\"widget\" data-e-type=\"widget\" data-settings=\"{&quot;skin&quot;:&quot;coverflow&quot;,&quot;autoplay_speed&quot;:2000,&quot;space_between&quot;:{&quot;unit&quot;:&quot;px&quot;,&quot;size&quot;:-80,&quot;sizes&quot;:[]},&quot;space_between_tablet&quot;:{&quot;unit&quot;:&quot;px&quot;,&quot;size&quot;:-25,&quot;sizes&quot;:[]},&quot;space_between_mobile&quot;:{&quot;unit&quot;:&quot;px&quot;,&quot;size&quot;:0,&quot;sizes&quot;:[]},&quot;speed&quot;:500,&quot;autoplay&quot;:&quot;yes&quot;,&quot;loop&quot;:&quot;yes&quot;,&quot;pause_on_hover&quot;:&quot;yes&quot;,&quot;pause_on_interaction&quot;:&quot;yes&quot;}\" data-widget_type=\"media-carousel.default\">\n\t\t\t\t<div class=\"elementor-widget-container\">\n\t\t\t\t\t\t\t\t\t<div class=\"elementor-swiper\">\n\t\t\t\t\t<div class=\"elementor-main-swiper swiper\" role=\"region\" aria-roledescription=\"carousel\" aria-label=\"Slides\">\n\t\t\t\t<div class=\"swiper-wrapper\">\n\t\t\t\t\t\t\t\t\t\t\t<div class=\"swiper-slide\" role=\"group\" aria-roledescription=\"slide\">\n\t\t\t\t\t\t\t\t\t<div class=\"elementor-carousel-image\" role=\"img\" aria-label=\"womens\" style=\"background-image: url(&#039;https:\/\/www.royalcomfort.cz\/wp-content\/uploads\/2023\/06\/womens.png&#039;)\">\n\n\t\t\t\n\t\t\t\t\t<\/div>\n\t\t\t\t\t\t\t\t<\/div>\n\t\t\t\t\t\t\t\t\t\t\t<div class=\"swiper-slide\" role=\"group\" aria-roledescription=\"slide\">\n\t\t\t\t\t\t\t\t\t<div class=\"elementor-carousel-image\" role=\"img\" aria-label=\"modern-luxury-hotel-room-with-comfortable-bedding-generated-by-ai (1)\" style=\"background-image: url(&#039;https:\/\/www.royalcomfort.cz\/wp-content\/uploads\/2023\/06\/modern-luxury-hotel-room-with-comfortable-bedding-generated-by-ai-1.jpg&#039;)\">\n\n\t\t\t\n\t\t\t\t\t<\/div>\n\t\t\t\t\t\t\t\t<\/div>\n\t\t\t\t\t\t\t\t\t\t\t<div class=\"swiper-slide\" role=\"group\" aria-roledescription=\"slide\">\n\t\t\t\t\t\t\t\t\t<div class=\"elementor-carousel-image\" role=\"img\" aria-label=\"5045-1309251295_v\" style=\"background-image: url(&#039;https:\/\/www.royalcomfort.cz\/wp-content\/uploads\/2023\/05\/5045-1309251295_v.jpg&#039;)\">\n\n\t\t\t\n\t\t\t\t\t<\/div>\n\t\t\t\t\t\t\t\t<\/div>\n\t\t\t\t\t\t\t\t\t\t\t<div class=\"swiper-slide\" role=\"group\" aria-roledescription=\"slide\">\n\t\t\t\t\t\t\t\t\t<div class=\"elementor-carousel-image\" role=\"img\" aria-label=\"5151-0912336118_v\" style=\"background-image: url(&#039;https:\/\/www.royalcomfort.cz\/wp-content\/uploads\/2023\/05\/5151-0912336118_v.jpg&#039;)\">\n\n\t\t\t\n\t\t\t\t\t<\/div>\n\t\t\t\t\t\t\t\t<\/div>\n\t\t\t\t\t\t\t\t\t<\/div>\n\t\t\t\t\t\t\t\t\t\t\t\t\t\t\t\t\t\t\t\t\t<\/div>\n\t\t\t\t<\/div>\n\t\t\t\t\t\t\t\t<\/div>\n\t\t\t\t<\/div>\n\t\t\t\t\t<\/div>\n\t\t<\/div>\n\t\t\t\t\t<\/div>\n\t\t<\/section>\n\t\t\t\t<section class=\"elementor-section elementor-top-section elementor-element elementor-element-bb49d4b elementor-section-boxed elementor-section-height-default elementor-section-height-default\" data-id=\"bb49d4b\" data-element_type=\"section\" data-e-type=\"section\" data-settings=\"{&quot;jet_parallax_layout_list&quot;:[]}\">\n\t\t\t\t\t\t<div class=\"elementor-container elementor-column-gap-default\">\n\t\t\t\t\t<div class=\"elementor-column elementor-col-100 elementor-top-column elementor-element elementor-element-1f5025b\" data-id=\"1f5025b\" data-element_type=\"column\" data-e-type=\"column\">\n\t\t\t<div class=\"elementor-widget-wrap elementor-element-populated\">\n\t\t\t\t\t\t<div class=\"elementor-element elementor-element-03788df elementor-widget elementor-widget-text-editor\" data-id=\"03788df\" data-element_type=\"widget\" data-e-type=\"widget\" data-widget_type=\"text-editor.default\">\n\t\t\t\t<div class=\"elementor-widget-container\">\n\t\t\t\t\t\t\t\t\t<h3>1. Introductory provisions<\/h3><p>The organizer of the competition is Royal Comfort s .r.o., Na Florenci 1332\/23, Prague 1, ID: 29156173. The competition is intended for persons over 18 years of age with permanent residence in the Czech Republic, who are legally capable of performing legal acts. The competition is organised on the organiser's website www.royalcomfort.cz or on the Facebook page of Royal Comfort CR https:\/\/www.facebook.com\/KingKoilCz\/.<br \/>Employees of Royal Comfort s.r.o. and persons close to them are excluded from participation in the competition.<br \/>The organizer reserves the right to modify the rules during the competition, especially the duration of the competition.<br \/>By participating in the competition, all entrants agree to abide by these rules.<\/p><h3>2. Participation in the competition<\/h3><p>In order to participate in the competition (to be entered into the final draw) you must meet the following conditions:<\/p><ul><li>fill in the registration form at https:\/\/eshop.royalcomfort.cz\/registrace\/ and participate in the competition on the Royal Comfort Facebook page https:\/\/www.facebook.com\/KingKoilCz\/ or meet the conditions of the competition which are specified in the specific assignment<\/li><li>when filling in the registration form, provide all the required information truthfully, failure to fill in any information is a reason for non-recognition of participation in the competition<\/li><li>answer the competition question<\/li><li>each contestant can participate only once, duplicate answers will not be entered into the draw<\/li><\/ul><h3>3. Drawing of winners<\/h3><p>The draw of the winners will take place no later than the 15th day of the month following the end of the competition. Each contestant can win only one prize.<br \/>Winners will be notified by email to the address they provide on the competition form and by posting on the company's website and Facebook pages. In the event that the winner cannot be contacted within 30 days of the draw, their prize will be forfeited without refund.<br \/>The organiser reserves the right to make final decisions in disputed cases.<br \/>according to your own assessment from available information and sources. Winnings are not judicially enforceable.<br \/>The organizer is not responsible for technical problems related to the delivery of answers.<br \/>Only responses received are acceptable for processing.<\/p><h3>4. Privacy Policy<\/h3><p>The competition organiser declares that it will use the personal data provided only for the time necessary for the purpose stated in the consent to the processing of personal data and will not disclose it to another entity or other party.<br \/>Due to the legal regulation of the Personal Data Protection Act, a contestant who meets the conditions of the competition and who has not given consent to the processing of personal data cannot be published and notified<br \/>about a possible draw in the competition.<br \/>Other relations not expressly regulated by these rules are governed by Act No. 89\/2012 Coll., the Civil Code.<br \/>Code.<br \/>The names of the winners will be published on www.royalcomfort.cz after the competition.<\/p>\t\t\t\t\t\t\t\t<\/div>\n\t\t\t\t<\/div>\n\t\t\t\t\t<\/div>\n\t\t<\/div>\n\t\t\t\t\t<\/div>\n\t\t<\/section>\n\t\t\t\t<section class=\"elementor-section elementor-top-section elementor-element elementor-element-79ccdc3 elementor-section-boxed elementor-section-height-default elementor-section-height-default\" data-id=\"79ccdc3\" data-element_type=\"section\" data-e-type=\"section\" data-settings=\"{&quot;jet_parallax_layout_list&quot;:[]}\">\n\t\t\t\t\t\t\t<div class=\"elementor-background-overlay\"><\/div>\n\t\t\t\t\t\t\t<div class=\"elementor-container elementor-column-gap-default\">\n\t\t\t\t\t<div class=\"elementor-column elementor-col-100 elementor-top-column elementor-element elementor-element-baa492e\" data-id=\"baa492e\" data-element_type=\"column\" data-e-type=\"column\" data-settings=\"{&quot;background_background&quot;:&quot;classic&quot;}\">\n\t\t\t<div class=\"elementor-widget-wrap\">\n\t\t\t\t\t\t\t<\/div>\n\t\t<\/div>\n\t\t\t\t\t<\/div>\n\t\t<\/section>\n\t\t\t\t<\/div>","protected":false},"excerpt":{"rendered":"<p>PODM\u00cdNKY SOUT\u011a\u017d\u00cd spole\u010dnosti Royal Comfort s.r.o. I\u010c: 29156173DI\u010c: CZ 29156173Spisov\u00e1 zna\u010dka: C 326413 veden\u00e1 u M\u011bstsk\u00e9ho soudu v Praze 1. \u00davodn\u00ed ustanoven\u00ed Organiz\u00e1torem sout\u011b\u017e\u00ed je spole\u010dnost Royal Comfort s .r.o. se s\u00eddlem Na Florenci 1332\/23, Praha 1, I\u010c: 29156173. Sout\u011b\u017e je ur\u010dena pro osoby star\u0161\u00ed 18 let s trval\u00fdm pobytem na \u00fazem\u00ed \u010cR, kter\u00e9 jsou [&hellip;]<\/p>\n","protected":false},"author":1,"featured_media":0,"parent":0,"menu_order":0,"comment_status":"closed","ping_status":"closed","template":"","meta":{"inline_featured_image":false,"footnotes":""},"class_list":["post-3292","page","type-page","status-publish","hentry"],"yoast_head":"<!-- This site is optimized with the Yoast SEO plugin v27.3 - https:\/\/yoast.com\/product\/yoast-seo-wordpress\/ -->\n<title>Podm\u00ednky sout\u011b\u017e\u00ed | Royalcomfort.cz<\/title>\n<meta name=\"robots\" content=\"index, follow, max-snippet:-1, max-image-preview:large, max-video-preview:-1\" \/>\n<link rel=\"canonical\" href=\"https:\/\/www.royalcomfort.cz\/en\/elementor-3292\/\" \/>\n<meta property=\"og:locale\" content=\"en_GB\" \/>\n<meta property=\"og:type\" content=\"article\" \/>\n<meta property=\"og:title\" content=\"Podm\u00ednky sout\u011b\u017e\u00ed | Royalcomfort.cz\" \/>\n<meta property=\"og:description\" content=\"PODM\u00cdNKY SOUT\u011a\u017d\u00cd spole\u010dnosti Royal Comfort s.r.o. I\u010c: 29156173DI\u010c: CZ 29156173Spisov\u00e1 zna\u010dka: C 326413 veden\u00e1 u M\u011bstsk\u00e9ho soudu v Praze 1. \u00davodn\u00ed ustanoven\u00ed Organiz\u00e1torem sout\u011b\u017e\u00ed je spole\u010dnost Royal Comfort s .r.o. se s\u00eddlem Na Florenci 1332\/23, Praha 1, I\u010c: 29156173. Sout\u011b\u017e je ur\u010dena pro osoby star\u0161\u00ed 18 let s trval\u00fdm pobytem na \u00fazem\u00ed \u010cR, kter\u00e9 jsou [&hellip;]\" \/>\n<meta property=\"og:url\" content=\"https:\/\/www.royalcomfort.cz\/en\/elementor-3292\/\" \/>\n<meta property=\"og:site_name\" content=\"Royalcomfort.cz\" \/>\n<meta property=\"article:publisher\" content=\"https:\/\/www.facebook.com\/KingKoilCz\" \/>\n<meta property=\"article:modified_time\" content=\"2025-01-10T08:02:40+00:00\" \/>\n<meta name=\"twitter:card\" content=\"summary_large_image\" \/>\n<meta name=\"twitter:label1\" content=\"Estimated reading time\" \/>\n\t<meta name=\"twitter:data1\" content=\"3 minutes\" \/>\n<script type=\"application\/ld+json\" class=\"yoast-schema-graph\">{\"@context\":\"https:\\\/\\\/schema.org\",\"@graph\":[{\"@type\":\"WebPage\",\"@id\":\"https:\\\/\\\/www.royalcomfort.cz\\\/elementor-3292\",\"url\":\"https:\\\/\\\/www.royalcomfort.cz\\\/elementor-3292\",\"name\":\"Podm\u00ednky sout\u011b\u017e\u00ed | Royalcomfort.cz\",\"isPartOf\":{\"@id\":\"https:\\\/\\\/www.royalcomfort.cz\\\/#website\"},\"datePublished\":\"2023-06-30T10:16:01+00:00\",\"dateModified\":\"2025-01-10T08:02:40+00:00\",\"breadcrumb\":{\"@id\":\"https:\\\/\\\/www.royalcomfort.cz\\\/elementor-3292#breadcrumb\"},\"inLanguage\":\"en-GB\",\"potentialAction\":[{\"@type\":\"ReadAction\",\"target\":[\"https:\\\/\\\/www.royalcomfort.cz\\\/elementor-3292\"]}]},{\"@type\":\"BreadcrumbList\",\"@id\":\"https:\\\/\\\/www.royalcomfort.cz\\\/elementor-3292#breadcrumb\",\"itemListElement\":[{\"@type\":\"ListItem\",\"position\":1,\"name\":\"Dom\u016f\",\"item\":\"https:\\\/\\\/www.royalcomfort.cz\\\/\"},{\"@type\":\"ListItem\",\"position\":2,\"name\":\"Podm\u00ednky sout\u011b\u017e\u00ed\"}]},{\"@type\":\"WebSite\",\"@id\":\"https:\\\/\\\/www.royalcomfort.cz\\\/#website\",\"url\":\"https:\\\/\\\/www.royalcomfort.cz\\\/\",\"name\":\"Royalcomfort.cz\",\"description\":\"Luxusn\u00ed kontinent\u00e1ln\u00ed postele a matrace\",\"publisher\":{\"@id\":\"https:\\\/\\\/www.royalcomfort.cz\\\/#organization\"},\"potentialAction\":[{\"@type\":\"SearchAction\",\"target\":{\"@type\":\"EntryPoint\",\"urlTemplate\":\"https:\\\/\\\/www.royalcomfort.cz\\\/?s={search_term_string}\"},\"query-input\":{\"@type\":\"PropertyValueSpecification\",\"valueRequired\":true,\"valueName\":\"search_term_string\"}}],\"inLanguage\":\"en-GB\"},{\"@type\":\"Organization\",\"@id\":\"https:\\\/\\\/www.royalcomfort.cz\\\/#organization\",\"name\":\"Royal Comfort\",\"url\":\"https:\\\/\\\/www.royalcomfort.cz\\\/\",\"logo\":{\"@type\":\"ImageObject\",\"inLanguage\":\"en-GB\",\"@id\":\"https:\\\/\\\/www.royalcomfort.cz\\\/#\\\/schema\\\/logo\\\/image\\\/\",\"url\":\"http:\\\/\\\/royalcomfort.cz\\\/wp-content\\\/uploads\\\/2023\\\/05\\\/Royal_Comfort_logo_slogan_primarni-2.png\",\"contentUrl\":\"http:\\\/\\\/royalcomfort.cz\\\/wp-content\\\/uploads\\\/2023\\\/05\\\/Royal_Comfort_logo_slogan_primarni-2.png\",\"width\":631,\"height\":285,\"caption\":\"Royal Comfort\"},\"image\":{\"@id\":\"https:\\\/\\\/www.royalcomfort.cz\\\/#\\\/schema\\\/logo\\\/image\\\/\"},\"sameAs\":[\"https:\\\/\\\/www.facebook.com\\\/KingKoilCz\"]}]}<\/script>\n<!-- \/ Yoast SEO plugin. -->","yoast_head_json":{"title":"Competition Terms and Conditions | Royalcomfort.cz","robots":{"index":"index","follow":"follow","max-snippet":"max-snippet:-1","max-image-preview":"max-image-preview:large","max-video-preview":"max-video-preview:-1"},"canonical":"https:\/\/www.royalcomfort.cz\/en\/elementor-3292\/","og_locale":"en_GB","og_type":"article","og_title":"Podm\u00ednky sout\u011b\u017e\u00ed | Royalcomfort.cz","og_description":"PODM\u00cdNKY SOUT\u011a\u017d\u00cd spole\u010dnosti Royal Comfort s.r.o. I\u010c: 29156173DI\u010c: CZ 29156173Spisov\u00e1 zna\u010dka: C 326413 veden\u00e1 u M\u011bstsk\u00e9ho soudu v Praze 1. \u00davodn\u00ed ustanoven\u00ed Organiz\u00e1torem sout\u011b\u017e\u00ed je spole\u010dnost Royal Comfort s .r.o. se s\u00eddlem Na Florenci 1332\/23, Praha 1, I\u010c: 29156173. Sout\u011b\u017e je ur\u010dena pro osoby star\u0161\u00ed 18 let s trval\u00fdm pobytem na \u00fazem\u00ed \u010cR, kter\u00e9 jsou [&hellip;]","og_url":"https:\/\/www.royalcomfort.cz\/en\/elementor-3292\/","og_site_name":"Royalcomfort.cz","article_publisher":"https:\/\/www.facebook.com\/KingKoilCz","article_modified_time":"2025-01-10T08:02:40+00:00","twitter_card":"summary_large_image","twitter_misc":{"Estimated reading time":"3 minutes"},"schema":{"@context":"https:\/\/schema.org","@graph":[{"@type":"WebPage","@id":"https:\/\/www.royalcomfort.cz\/elementor-3292","url":"https:\/\/www.royalcomfort.cz\/elementor-3292","name":"Competition Terms and Conditions | Royalcomfort.cz","isPartOf":{"@id":"https:\/\/www.royalcomfort.cz\/#website"},"datePublished":"2023-06-30T10:16:01+00:00","dateModified":"2025-01-10T08:02:40+00:00","breadcrumb":{"@id":"https:\/\/www.royalcomfort.cz\/elementor-3292#breadcrumb"},"inLanguage":"en-GB","potentialAction":[{"@type":"ReadAction","target":["https:\/\/www.royalcomfort.cz\/elementor-3292"]}]},{"@type":"BreadcrumbList","@id":"https:\/\/www.royalcomfort.cz\/elementor-3292#breadcrumb","itemListElement":[{"@type":"ListItem","position":1,"name":"Dom\u016f","item":"https:\/\/www.royalcomfort.cz\/"},{"@type":"ListItem","position":2,"name":"Podm\u00ednky sout\u011b\u017e\u00ed"}]},{"@type":"WebSite","@id":"https:\/\/www.royalcomfort.cz\/#website","url":"https:\/\/www.royalcomfort.cz\/","name":"Royalcomfort.cz","description":"Luxury continental beds and mattresses","publisher":{"@id":"https:\/\/www.royalcomfort.cz\/#organization"},"potentialAction":[{"@type":"SearchAction","target":{"@type":"EntryPoint","urlTemplate":"https:\/\/www.royalcomfort.cz\/?s={search_term_string}"},"query-input":{"@type":"PropertyValueSpecification","valueRequired":true,"valueName":"search_term_string"}}],"inLanguage":"en-GB"},{"@type":"Organization","@id":"https:\/\/www.royalcomfort.cz\/#organization","name":"Royal Comfort","url":"https:\/\/www.royalcomfort.cz\/","logo":{"@type":"ImageObject","inLanguage":"en-GB","@id":"https:\/\/www.royalcomfort.cz\/#\/schema\/logo\/image\/","url":"http:\/\/royalcomfort.cz\/wp-content\/uploads\/2023\/05\/Royal_Comfort_logo_slogan_primarni-2.png","contentUrl":"http:\/\/royalcomfort.cz\/wp-content\/uploads\/2023\/05\/Royal_Comfort_logo_slogan_primarni-2.png","width":631,"height":285,"caption":"Royal Comfort"},"image":{"@id":"https:\/\/www.royalcomfort.cz\/#\/schema\/logo\/image\/"},"sameAs":["https:\/\/www.facebook.com\/KingKoilCz"]}]}},"_links":{"self":[{"href":"https:\/\/www.royalcomfort.cz\/en\/wp-json\/wp\/v2\/pages\/3292","targetHints":{"allow":["GET"]}}],"collection":[{"href":"https:\/\/www.royalcomfort.cz\/en\/wp-json\/wp\/v2\/pages"}],"about":[{"href":"https:\/\/www.royalcomfort.cz\/en\/wp-json\/wp\/v2\/types\/page"}],"author":[{"embeddable":true,"href":"https:\/\/www.royalcomfort.cz\/en\/wp-json\/wp\/v2\/users\/1"}],"replies":[{"embeddable":true,"href":"https:\/\/www.royalcomfort.cz\/en\/wp-json\/wp\/v2\/comments?post=3292"}],"version-history":[{"count":30,"href":"https:\/\/www.royalcomfort.cz\/en\/wp-json\/wp\/v2\/pages\/3292\/revisions"}],"predecessor-version":[{"id":4800,"href":"https:\/\/www.royalcomfort.cz\/en\/wp-json\/wp\/v2\/pages\/3292\/revisions\/4800"}],"wp:attachment":[{"href":"https:\/\/www.royalcomfort.cz\/en\/wp-json\/wp\/v2\/media?parent=3292"}],"curies":[{"name":"wp","href":"https:\/\/api.w.org\/{rel}","templated":true}]}}