{"id":1415,"date":"2023-05-23T13:22:51","date_gmt":"2023-05-23T11:22:51","guid":{"rendered":"http:\/\/royalcomfort.cz\/?page_id=1415"},"modified":"2023-06-01T08:59:32","modified_gmt":"2023-06-01T06:59:32","slug":"sprievodca-nakupom","status":"publish","type":"page","link":"https:\/\/www.royalcomfort.cz\/sk\/pruvodce-nakupem","title":{"rendered":"Sprievodca n\u00e1kupom"},"content":{"rendered":"<div data-elementor-type=\"wp-page\" data-elementor-id=\"1415\" class=\"elementor elementor-1415\" data-elementor-post-type=\"page\">\n\t\t\t\t\t\t<section class=\"elementor-section elementor-top-section elementor-element elementor-element-f118417 elementor-section-boxed elementor-section-height-default elementor-section-height-default\" data-id=\"f118417\" data-element_type=\"section\" data-e-type=\"section\" data-settings=\"{&quot;jet_parallax_layout_list&quot;:[]}\">\n\t\t\t\t\t\t\t<div class=\"elementor-background-overlay\"><\/div>\n\t\t\t\t\t\t\t<div class=\"elementor-container elementor-column-gap-default\">\n\t\t\t\t\t<div class=\"elementor-column elementor-col-50 elementor-top-column elementor-element elementor-element-152f0c0\" data-id=\"152f0c0\" data-element_type=\"column\" data-e-type=\"column\">\n\t\t\t<div class=\"elementor-widget-wrap elementor-element-populated\">\n\t\t\t\t\t\t<div class=\"elementor-element elementor-element-194d9df elementor-widget elementor-widget-heading\" data-id=\"194d9df\" data-element_type=\"widget\" data-e-type=\"widget\" data-widget_type=\"heading.default\">\n\t\t\t\t<div class=\"elementor-widget-container\">\n\t\t\t\t\t<h1 class=\"elementor-heading-title elementor-size-default\">PR\u00cdRU\u010cKA NA N\u00c1KUP<\/h1>\t\t\t\t<\/div>\n\t\t\t\t<\/div>\n\t\t\t\t<div class=\"elementor-element elementor-element-6a486ac elementor-widget-divider--view-line elementor-widget elementor-widget-divider\" data-id=\"6a486ac\" data-element_type=\"widget\" data-e-type=\"widget\" data-widget_type=\"divider.default\">\n\t\t\t\t<div class=\"elementor-widget-container\">\n\t\t\t\t\t\t\t<div class=\"elementor-divider\">\n\t\t\t<span class=\"elementor-divider-separator\">\n\t\t\t\t\t\t<\/span>\n\t\t<\/div>\n\t\t\t\t\t\t<\/div>\n\t\t\t\t<\/div>\n\t\t\t\t\t<\/div>\n\t\t<\/div>\n\t\t\t\t<div class=\"elementor-column elementor-col-50 elementor-top-column elementor-element elementor-element-7632584\" data-id=\"7632584\" data-element_type=\"column\" data-e-type=\"column\">\n\t\t\t<div class=\"elementor-widget-wrap elementor-element-populated\">\n\t\t\t\t\t\t<div class=\"elementor-element elementor-element-ed2d04a elementor-skin-coverflow elementor-widget elementor-widget-media-carousel\" data-id=\"ed2d04a\" data-element_type=\"widget\" data-e-type=\"widget\" data-settings=\"{&quot;skin&quot;:&quot;coverflow&quot;,&quot;autoplay_speed&quot;:2000,&quot;space_between&quot;:{&quot;unit&quot;:&quot;px&quot;,&quot;size&quot;:-80,&quot;sizes&quot;:[]},&quot;space_between_tablet&quot;:{&quot;unit&quot;:&quot;px&quot;,&quot;size&quot;:-25,&quot;sizes&quot;:[]},&quot;space_between_mobile&quot;:{&quot;unit&quot;:&quot;px&quot;,&quot;size&quot;:0,&quot;sizes&quot;:[]},&quot;speed&quot;:500,&quot;autoplay&quot;:&quot;yes&quot;,&quot;loop&quot;:&quot;yes&quot;,&quot;pause_on_hover&quot;:&quot;yes&quot;,&quot;pause_on_interaction&quot;:&quot;yes&quot;}\" data-widget_type=\"media-carousel.default\">\n\t\t\t\t<div class=\"elementor-widget-container\">\n\t\t\t\t\t\t\t\t\t<div class=\"elementor-swiper\">\n\t\t\t\t\t<div class=\"elementor-main-swiper swiper\" role=\"region\" aria-roledescription=\"carousel\" aria-label=\"Prezent\u00e1cie\">\n\t\t\t\t<div class=\"swiper-wrapper\">\n\t\t\t\t\t\t\t\t\t\t\t<div class=\"swiper-slide\" role=\"group\" aria-roledescription=\"slide\">\n\t\t\t\t\t\t\t\t\t<div class=\"elementor-carousel-image\" role=\"img\" aria-label=\"Dizajn bez n\u00e1zvu (33)\" style=\"background-image: url(&#039;https:\/\/www.royalcomfort.cz\/wp-content\/uploads\/2023\/04\/\u0414\u0438\u0437\u0430\u0438\u0306\u043d-\u0431\u0435\u0437-\u043d\u0430\u0437\u0432\u0430\u043d\u0438\u044f-33.png&#039;)\">\n\n\t\t\t\n\t\t\t\t\t<\/div>\n\t\t\t\t\t\t\t\t<\/div>\n\t\t\t\t\t\t\t\t\t\t\t<div class=\"swiper-slide\" role=\"group\" aria-roledescription=\"slide\">\n\t\t\t\t\t\t\t\t\t<div class=\"elementor-carousel-image\" role=\"img\" aria-label=\"2-banner-accessories-12\" style=\"background-image: url(&#039;https:\/\/www.royalcomfort.cz\/wp-content\/uploads\/2023\/05\/2-banner-doplnky-12.png&#039;)\">\n\n\t\t\t\n\t\t\t\t\t<\/div>\n\t\t\t\t\t\t\t\t<\/div>\n\t\t\t\t\t\t\t\t\t\t\t<div class=\"swiper-slide\" role=\"group\" aria-roledescription=\"slide\">\n\t\t\t\t\t\t\t\t\t<div class=\"elementor-carousel-image\" role=\"img\" aria-label=\"1-banner-loose-08\" style=\"background-image: url(&#039;https:\/\/www.royalcomfort.cz\/wp-content\/uploads\/2023\/05\/1-banner-luzkoviny-08.png&#039;)\">\n\n\t\t\t\n\t\t\t\t\t<\/div>\n\t\t\t\t\t\t\t\t<\/div>\n\t\t\t\t\t\t\t\t\t\t\t<div class=\"swiper-slide\" role=\"group\" aria-roledescription=\"slide\">\n\t\t\t\t\t\t\t\t\t<div class=\"elementor-carousel-image\" role=\"img\" aria-label=\"2-banner-bed-09\" style=\"background-image: url(&#039;https:\/\/www.royalcomfort.cz\/wp-content\/uploads\/2023\/05\/2-banner-postele-09-1.png&#039;)\">\n\n\t\t\t\n\t\t\t\t\t<\/div>\n\t\t\t\t\t\t\t\t<\/div>\n\t\t\t\t\t\t\t\t\t\t\t<div class=\"swiper-slide\" role=\"group\" aria-roledescription=\"slide\">\n\t\t\t\t\t\t\t\t\t<div class=\"elementor-carousel-image\" role=\"img\" aria-label=\"2-banner-matrace-02\" style=\"background-image: url(&#039;https:\/\/www.royalcomfort.cz\/wp-content\/uploads\/2023\/05\/2-banner-matrace-02.png&#039;)\">\n\n\t\t\t\n\t\t\t\t\t<\/div>\n\t\t\t\t\t\t\t\t<\/div>\n\t\t\t\t\t\t\t\t\t<\/div>\n\t\t\t\t\t\t\t\t\t\t\t\t\t\t\t\t\t\t\t\t\t<\/div>\n\t\t\t\t<\/div>\n\t\t\t\t\t\t\t\t<\/div>\n\t\t\t\t<\/div>\n\t\t\t\t\t<\/div>\n\t\t<\/div>\n\t\t\t\t\t<\/div>\n\t\t<\/section>\n\t\t\t\t<section class=\"elementor-section elementor-top-section elementor-element elementor-element-27c40c5 elementor-section-boxed elementor-section-height-default elementor-section-height-default\" data-id=\"27c40c5\" data-element_type=\"section\" data-e-type=\"section\" data-settings=\"{&quot;jet_parallax_layout_list&quot;:[]}\">\n\t\t\t\t\t\t<div class=\"elementor-container elementor-column-gap-default\">\n\t\t\t\t\t<div class=\"elementor-column elementor-col-100 elementor-top-column elementor-element elementor-element-061be21\" data-id=\"061be21\" data-element_type=\"column\" data-e-type=\"column\">\n\t\t\t<div class=\"elementor-widget-wrap elementor-element-populated\">\n\t\t\t\t\t\t<div class=\"elementor-element elementor-element-2252360 elementor-widget elementor-widget-text-editor\" data-id=\"2252360\" data-element_type=\"widget\" data-e-type=\"widget\" data-widget_type=\"text-editor.default\">\n\t\t\t\t<div class=\"elementor-widget-container\">\n\t\t\t\t\t\t\t\t\t<h3>AKO SI VYBRA\u0164 SPR\u00c1VNY MATRAC<\/h3><p>\u010clovek str\u00e1vi sp\u00e1nkom v priemere tretinu svojho \u017eivota. Po\u010das sp\u00e1nku sa obnovuj\u00fa telesn\u00e9 funkcie. Nekvalitn\u00fd a nedostato\u010dn\u00fd sp\u00e1nok m\u00f4\u017ee ohrozi\u0165 na\u0161e fyzick\u00e9 a du\u0161evn\u00e9 zdravie. T\u00fdmto probl\u00e9mom m\u00f4\u017eeme pred\u00eds\u0165, ak budeme dba\u0165 na v\u00fdber kvalitnej postele, najm\u00e4 matraca. Hoci neexistuje univerz\u00e1lny n\u00e1vod na v\u00fdber postele, tu je nieko\u013eko d\u00f4le\u017eit\u00fdch bodov, na ktor\u00e9 by ste mali myslie\u0165 pred k\u00fapou novej postele.<\/p><h4>AK\u00dd JE NAJLEP\u0160\u00cd MATRAC?<\/h4><p>Odpor\u00fa\u010dame vybra\u0165 si ten spr\u00e1vny matrac osobne. Vzh\u013eadom na individu\u00e1lne potreby ka\u017ed\u00e9ho z n\u00e1s je d\u00f4le\u017eit\u00e9 nepodceni\u0165 v\u00fdber a nespolieha\u0165 sa len na v\u0161eobecn\u00e9 odpor\u00fa\u010dania. Spr\u00e1vny matrac vyber\u00e1me pod\u013ea na\u0161ej hmotnosti a v\u00fd\u0161ky, polohy, v ktorej sp\u00edme, a v neposlednom rade pod\u013ea na\u0161ich osobn\u00fdch preferenci\u00ed - \u010di uprednost\u0148ujeme pr\u00edrodn\u00e9 materi\u00e1ly alebo sme alergici a \u010di rad\u0161ej sp\u00edme na tvrd\u0161om alebo m\u00e4k\u0161om matraci.<\/p><p>Tu je nieko\u013eko z\u00e1kladn\u00fdch bodov, ktor\u00e9 by si mal ka\u017ed\u00fd z\u00e1kazn\u00edk, ktor\u00fd sa chce dobre vyspa\u0165, ujasni\u0165 pred v\u00fdberom matraca. Ni\u017e\u0161ie n\u00e1jdete nieko\u013eko z\u00e1kladn\u00fdch r\u00e1d, ako si vybra\u0165 kvalitn\u00fd matrac, podrobnej\u0161ie inform\u00e1cie n\u00e1jdete v ka\u017edom z na\u0161ich\u00a0<a href=\"https:\/\/www.royalcomfort.cz\/sk\/kontakty\/\">v\u00fdstavn\u00e9 priestory<\/a>.<\/p><h4>VE\u013dKOS\u0164 A ROZDELENIE MATRACA<\/h4><ul><li>pod\u013ea v\u00fd\u0161ky osoby - tu sa pou\u017e\u00edva pomerne jednoduch\u00e9 pravidlo, \u017ee d\u013a\u017eka matraca by mala by\u0165 o 20 cm vy\u0161\u0161ia ako va\u0161a v\u00fd\u0161ka. Na\u0161a spolo\u010dnos\u0165, podobne ako v\u00e4\u010d\u0161ina v\u00fdrobcov kvalitn\u00fdch matracov, v\u00e1m poskytne matrac na mieru v akomko\u013evek rozmere (najv\u00e4\u010d\u0161\u00ed matrac King Koil dod\u00e1van\u00fd v Eur\u00f3pe mal rozmer 240 \u00d7 240 cm).<\/li><li>delen\u00e9 matrace alebo matrace v jednom kuse? Na t\u00fato ot\u00e1zku bohu\u017eia\u013e neexistuje jednoduch\u00e1 odpove\u010f. Nav\u0161t\u00edvte jeden z na\u0161ich showroomov a prediskutujte v\u00fdhody a nev\u00fdhody delen\u00fdch alebo spojen\u00fdch matracov.<\/li><\/ul><h4>TYP MATRACA<\/h4><ul><li>uprednost\u0148ovanie pr\u00edrodn\u00fdch materi\u00e1lov<ul><li>konsk\u00e9 vlasy\u00a0<\/li><li>\u0165avia vlna\u00a0<\/li><li>pr\u00edrodn\u00fd latex<\/li><li>Ka\u0161m\u00edr\u00a0<\/li><li>Hodv\u00e1b\u00a0<\/li><\/ul><\/li><li>Antialergick\u00fd matrac<ul><li>matrac bez pr\u00edrodn\u00fdch materi\u00e1lov vhodn\u00fd pre alergikov<\/li><\/ul><\/li><li>v\u00fd\u0161ka matraca - najd\u00f4le\u017eitej\u0161ie je samozrejme vybra\u0165 matrac, ktor\u00fd v\u00e1m bude najviac vyhovova\u0165, ale nesmiete zab\u00fada\u0165 na spr\u00e1vnu v\u00fd\u0161ku postele, ktor\u00e1 by mala by\u0165 pribli\u017ene 60-65 cm (v z\u00e1vislosti od v\u00fd\u0161ky va\u0161ej postavy). V na\u0161ich showroomoch v\u00e1m radi uk\u00e1\u017eeme, ako zisti\u0165 spr\u00e1vnu v\u00fd\u0161ku postele.<\/li><\/ul><h4>TVRDOS\u0164 MATRACA<\/h4><ul><li>soft ( SOFT )<\/li><li>stredn\u00fd ( MEDIUM )<\/li><li>tvrd\u00fd ( FIRM )<\/li><\/ul><p>Tuhos\u0165 matraca z\u00e1vis\u00ed nielen od osobn\u00fdch preferenci\u00ed, ale aj od hmotnosti spiaceho. Rozsah sa pri ka\u017edom matraci mierne l\u00ed\u0161i, ale v priemere sa odpor\u00fa\u010da pre hmotnosti do 75 kg SOFT, do 110 kg MEDIUM a do 140 kg FIRM.<br \/>V pr\u00edpade tvrd\u0161\u00edch matracov je mo\u017en\u00e9 zak\u00fapi\u0165\u00a0<a title=\"Topper matrac Topper\" href=\"https:\/\/www.royalcomfort.cz\/sk\/svrchni-matrace-topper\/\">TOPPER<\/a>\u00a0(Topper zm\u00e4k\u010duje matrac, dop\u013a\u0148a pr\u00edrodn\u00e9 materi\u00e1ly a m\u00f4\u017ee sp\u00e1ja\u0165 dva matrace.<\/p><h4>POLOHA SP\u00c1NKU<\/h4><ul><li>na zadnej strane - \u013eubovo\u013en\u00fd v\u00fdber<\/li><li>na boku - matrac s 5 z\u00f3nami. Pru\u017einy rozdelen\u00e9 do 5 z\u00f3n sa lep\u0161ie prisp\u00f4sobia v\u00e1\u0161mu telu. Ka\u017ed\u00e1 z\u00f3na obsahuje pru\u017einy r\u00f4znej tuhosti, ktor\u00e9 p\u00f4sobia na tlakov\u00e9 body, uvo\u013e\u0148uj\u00fa ich a vyrovn\u00e1vaj\u00fa chrbticu do prirodzenej polohy.<\/li><\/ul><h3>V\u00ddBER POSTELE<\/h3><p>Ka\u017ed\u00fd, komu nie je \u013eahostajn\u00e1 kvalita prostredia, v ktorom \u017eije, by mal dba\u0165 na v\u00fdber postele a neuspokoji\u0165 sa s kompromismi, ktor\u00e9 sa dnes z\u00e1kazn\u00edkom pon\u00fakaj\u00fa. Poste\u013e by mala by\u0165 dominantou sp\u00e1lne, vhodne zladenou s atmosf\u00e9rou celej sp\u00e1lne. V tejto s\u00favislosti spolo\u010dnos\u0165 King Koil pon\u00faka vynikaj\u00faci v\u00fdber rozmerov a farieb, z ktor\u00fdch si z\u00e1kazn\u00edk m\u00f4\u017ee vybra\u0165. V na\u0161ej ponuke si m\u00f4\u017eete vybra\u0165 z viac ako 250 druhov po\u0165ahov\u00fdch l\u00e1tok vr\u00e1tane pravej ko\u017ee a 15 r\u00f4znych druhov \u010diel. Vkusn\u00fd v\u00fdber \u010dela a farby postele dod\u00e1 va\u0161ej sp\u00e1lni \u00fa\u017easn\u00fa atmosf\u00e9ru.<\/p><h4>V NA\u0160OM SORTIMENTE N\u00c1JDETE DVA Z\u00c1KLADN\u00c9 TYPY POSTEL\u00cd:<\/h4><p>R\u00c1MOV\u00c1 POSTEL - pozost\u00e1va z trojuholn\u00edkov\u00e9ho r\u00e1mu a \u010dela postele<\/p><p>Kontinent\u00e1lna poste\u013e (\u010dasto naz\u00fdvan\u00e1 aj americk\u00e1 poste\u013e) - v\u00fdhody americk\u00fdch postel\u00ed:<\/p><ul><li>Poste\u013e si m\u00f4\u017eete zostavi\u0165 pod\u013ea vlastn\u00fdch predst\u00e1v z dvoch \u010dast\u00ed<ul><li><a title=\"Z\u00e1kladne postel\u00ed\" href=\"https:\/\/www.royalcomfort.cz\/sk\/boxspringy\/\">boxspring<\/a>\u00a0( z\u00e1kladne postel\u00ed s pru\u017einov\u00fdm syst\u00e9mom ) \u010dasto naz\u00fdvan\u00e9 aj springboxy<\/li><li>\u010delo postele<\/li><\/ul><\/li><li>v\u00fdber v\u00fd\u0161ky a dizajnu<\/li><li>boxov\u00e9 pru\u017einy m\u00f4\u017eu by\u0165 vybaven\u00e9 kolieskami pre lep\u0161iu manipul\u00e1ciu<\/li><\/ul><h4>NO\u017dNICE<\/h4><p>M\u00f4\u017eete si vybra\u0165 zo \u0161irokej ponuky ve\u013ekost\u00ed, vzorov, farieb a materi\u00e1lov. Odpor\u00fa\u010dame materi\u00e1l z mas\u00edvneho dreva a v\u00fd\u0161ku 12 cm pre \u013eah\u0161\u00ed pr\u00edstup do priestoru pod poste\u013eou.<\/p><h4>N\u00c1TEROV\u00c9 MATERI\u00c1LY<\/h4><p>Pon\u00fakame v\u00fdber z viac ako 250 druhov po\u0165ahov\u00fdch l\u00e1tok od textiln\u00fdch cez ko\u017een\u00e9 a\u017e po pr\u00edrodn\u00e9 ko\u017ee. V\u00fdhody a farby jednotliv\u00fdch materi\u00e1lov v\u00e1m radi predstav\u00edme v na\u0161ich vzorkovniach. N\u00e1h\u013ead na farebn\u00e9 spektrum na\u0161ich \u010dal\u00fannick\u00fdch materi\u00e1lov n\u00e1jdete tu<\/p>\t\t\t\t\t\t\t\t<\/div>\n\t\t\t\t<\/div>\n\t\t\t\t\t<\/div>\n\t\t<\/div>\n\t\t\t\t\t<\/div>\n\t\t<\/section>\n\t\t\t\t<section class=\"elementor-section elementor-top-section elementor-element elementor-element-f86e956 elementor-section-boxed elementor-section-height-default elementor-section-height-default\" data-id=\"f86e956\" data-element_type=\"section\" data-e-type=\"section\" data-settings=\"{&quot;jet_parallax_layout_list&quot;:[]}\">\n\t\t\t\t\t\t\t<div class=\"elementor-background-overlay\"><\/div>\n\t\t\t\t\t\t\t<div class=\"elementor-container elementor-column-gap-default\">\n\t\t\t\t\t<div class=\"elementor-column elementor-col-100 elementor-top-column elementor-element elementor-element-591f2dc\" data-id=\"591f2dc\" data-element_type=\"column\" data-e-type=\"column\">\n\t\t\t<div class=\"elementor-widget-wrap\">\n\t\t\t\t\t\t\t<\/div>\n\t\t<\/div>\n\t\t\t\t\t<\/div>\n\t\t<\/section>\n\t\t\t\t<\/div>","protected":false},"excerpt":{"rendered":"<p>PR\u016eVODCE N\u00c1KUPEM JAK VYBRAT SPR\u00c1VNOU MATRACI Sp\u00e1nkem \u010dlov\u011bk tr\u00e1v\u00ed v pr\u016fm\u011bru t\u0159etinu \u017eivota. B\u011bhem sp\u00e1nku se obnovuj\u00ed fyzick\u00e9 funkce. Nekvalitn\u00ed a nedostate\u010dn\u00fd sp\u00e1nek m\u016f\u017ee ohrozit na\u0161e t\u011blesn\u00e9 i du\u0161evn\u00ed zdrav\u00ed. T\u011bmto probl\u00e9m\u016fm se m\u016f\u017eeme vyhnout, pokud se budeme pe\u010dliv\u011b v\u011bnovat v\u00fdb\u011bru kvalitn\u00edho l\u016f\u017eka, zejm\u00e9na matrace. P\u0159esto\u017ee neexistuje univerz\u00e1ln\u00ed n\u00e1vod pro v\u00fdb\u011br l\u016f\u017eka, nab\u00edz\u00edme v\u00e1m n\u011bkolik [&hellip;]<\/p>\n","protected":false},"author":1,"featured_media":0,"parent":0,"menu_order":0,"comment_status":"closed","ping_status":"closed","template":"","meta":{"inline_featured_image":false,"footnotes":""},"class_list":["post-1415","page","type-page","status-publish","hentry"],"yoast_head":"<!-- This site is optimized with the Yoast SEO plugin v27.5 - https:\/\/yoast.com\/product\/yoast-seo-wordpress\/ -->\n<title>Pr\u016fvodce n\u00e1kupem | Royalcomfort.cz<\/title>\n<meta name=\"robots\" content=\"index, follow, max-snippet:-1, max-image-preview:large, max-video-preview:-1\" \/>\n<link rel=\"canonical\" href=\"https:\/\/www.royalcomfort.cz\/sk\/sprievodca-nakupom\/\" \/>\n<meta property=\"og:locale\" content=\"sk_SK\" \/>\n<meta property=\"og:type\" content=\"article\" \/>\n<meta property=\"og:title\" content=\"Pr\u016fvodce n\u00e1kupem | Royalcomfort.cz\" \/>\n<meta property=\"og:description\" content=\"PR\u016eVODCE N\u00c1KUPEM JAK VYBRAT SPR\u00c1VNOU MATRACI Sp\u00e1nkem \u010dlov\u011bk tr\u00e1v\u00ed v pr\u016fm\u011bru t\u0159etinu \u017eivota. B\u011bhem sp\u00e1nku se obnovuj\u00ed fyzick\u00e9 funkce. Nekvalitn\u00ed a nedostate\u010dn\u00fd sp\u00e1nek m\u016f\u017ee ohrozit na\u0161e t\u011blesn\u00e9 i du\u0161evn\u00ed zdrav\u00ed. T\u011bmto probl\u00e9m\u016fm se m\u016f\u017eeme vyhnout, pokud se budeme pe\u010dliv\u011b v\u011bnovat v\u00fdb\u011bru kvalitn\u00edho l\u016f\u017eka, zejm\u00e9na matrace. P\u0159esto\u017ee neexistuje univerz\u00e1ln\u00ed n\u00e1vod pro v\u00fdb\u011br l\u016f\u017eka, nab\u00edz\u00edme v\u00e1m n\u011bkolik [&hellip;]\" \/>\n<meta property=\"og:url\" content=\"https:\/\/www.royalcomfort.cz\/sk\/sprievodca-nakupom\/\" \/>\n<meta property=\"og:site_name\" content=\"Royalcomfort.cz\" \/>\n<meta property=\"article:publisher\" content=\"https:\/\/www.facebook.com\/KingKoilCz\" \/>\n<meta property=\"article:modified_time\" content=\"2023-06-01T06:59:32+00:00\" \/>\n<meta name=\"twitter:card\" content=\"summary_large_image\" \/>\n<meta name=\"twitter:label1\" content=\"Predpokladan\u00fd \u010das \u010d\u00edtania\" \/>\n\t<meta name=\"twitter:data1\" content=\"5 min\u00fat\" \/>\n<script type=\"application\/ld+json\" class=\"yoast-schema-graph\">{\"@context\":\"https:\\\/\\\/schema.org\",\"@graph\":[{\"@type\":\"WebPage\",\"@id\":\"https:\\\/\\\/www.royalcomfort.cz\\\/pruvodce-nakupem\",\"url\":\"https:\\\/\\\/www.royalcomfort.cz\\\/pruvodce-nakupem\",\"name\":\"Pr\u016fvodce n\u00e1kupem | Royalcomfort.cz\",\"isPartOf\":{\"@id\":\"https:\\\/\\\/www.royalcomfort.cz\\\/#website\"},\"datePublished\":\"2023-05-23T11:22:51+00:00\",\"dateModified\":\"2023-06-01T06:59:32+00:00\",\"breadcrumb\":{\"@id\":\"https:\\\/\\\/www.royalcomfort.cz\\\/pruvodce-nakupem#breadcrumb\"},\"inLanguage\":\"sk-SK\",\"potentialAction\":[{\"@type\":\"ReadAction\",\"target\":[\"https:\\\/\\\/www.royalcomfort.cz\\\/pruvodce-nakupem\"]}]},{\"@type\":\"BreadcrumbList\",\"@id\":\"https:\\\/\\\/www.royalcomfort.cz\\\/pruvodce-nakupem#breadcrumb\",\"itemListElement\":[{\"@type\":\"ListItem\",\"position\":1,\"name\":\"Dom\u016f\",\"item\":\"https:\\\/\\\/www.royalcomfort.cz\\\/\"},{\"@type\":\"ListItem\",\"position\":2,\"name\":\"Pr\u016fvodce n\u00e1kupem\"}]},{\"@type\":\"WebSite\",\"@id\":\"https:\\\/\\\/www.royalcomfort.cz\\\/#website\",\"url\":\"https:\\\/\\\/www.royalcomfort.cz\\\/\",\"name\":\"Royalcomfort.cz\",\"description\":\"Luxusn\u00ed kontinent\u00e1ln\u00ed postele a matrace\",\"publisher\":{\"@id\":\"https:\\\/\\\/www.royalcomfort.cz\\\/#organization\"},\"potentialAction\":[{\"@type\":\"SearchAction\",\"target\":{\"@type\":\"EntryPoint\",\"urlTemplate\":\"https:\\\/\\\/www.royalcomfort.cz\\\/?s={search_term_string}\"},\"query-input\":{\"@type\":\"PropertyValueSpecification\",\"valueRequired\":true,\"valueName\":\"search_term_string\"}}],\"inLanguage\":\"sk-SK\"},{\"@type\":\"Organization\",\"@id\":\"https:\\\/\\\/www.royalcomfort.cz\\\/#organization\",\"name\":\"Royal Comfort\",\"url\":\"https:\\\/\\\/www.royalcomfort.cz\\\/\",\"logo\":{\"@type\":\"ImageObject\",\"inLanguage\":\"sk-SK\",\"@id\":\"https:\\\/\\\/www.royalcomfort.cz\\\/#\\\/schema\\\/logo\\\/image\\\/\",\"url\":\"http:\\\/\\\/royalcomfort.cz\\\/wp-content\\\/uploads\\\/2023\\\/05\\\/Royal_Comfort_logo_slogan_primarni-2.png\",\"contentUrl\":\"http:\\\/\\\/royalcomfort.cz\\\/wp-content\\\/uploads\\\/2023\\\/05\\\/Royal_Comfort_logo_slogan_primarni-2.png\",\"width\":631,\"height\":285,\"caption\":\"Royal Comfort\"},\"image\":{\"@id\":\"https:\\\/\\\/www.royalcomfort.cz\\\/#\\\/schema\\\/logo\\\/image\\\/\"},\"sameAs\":[\"https:\\\/\\\/www.facebook.com\\\/KingKoilCz\"]}]}<\/script>\n<!-- \/ Yoast SEO plugin. -->","yoast_head_json":{"title":"Sprievodca n\u00e1kupom | Royalcomfort.cz","robots":{"index":"index","follow":"follow","max-snippet":"max-snippet:-1","max-image-preview":"max-image-preview:large","max-video-preview":"max-video-preview:-1"},"canonical":"https:\/\/www.royalcomfort.cz\/sk\/sprievodca-nakupom\/","og_locale":"sk_SK","og_type":"article","og_title":"Pr\u016fvodce n\u00e1kupem | Royalcomfort.cz","og_description":"PR\u016eVODCE N\u00c1KUPEM JAK VYBRAT SPR\u00c1VNOU MATRACI Sp\u00e1nkem \u010dlov\u011bk tr\u00e1v\u00ed v pr\u016fm\u011bru t\u0159etinu \u017eivota. B\u011bhem sp\u00e1nku se obnovuj\u00ed fyzick\u00e9 funkce. Nekvalitn\u00ed a nedostate\u010dn\u00fd sp\u00e1nek m\u016f\u017ee ohrozit na\u0161e t\u011blesn\u00e9 i du\u0161evn\u00ed zdrav\u00ed. T\u011bmto probl\u00e9m\u016fm se m\u016f\u017eeme vyhnout, pokud se budeme pe\u010dliv\u011b v\u011bnovat v\u00fdb\u011bru kvalitn\u00edho l\u016f\u017eka, zejm\u00e9na matrace. P\u0159esto\u017ee neexistuje univerz\u00e1ln\u00ed n\u00e1vod pro v\u00fdb\u011br l\u016f\u017eka, nab\u00edz\u00edme v\u00e1m n\u011bkolik [&hellip;]","og_url":"https:\/\/www.royalcomfort.cz\/sk\/sprievodca-nakupom\/","og_site_name":"Royalcomfort.cz","article_publisher":"https:\/\/www.facebook.com\/KingKoilCz","article_modified_time":"2023-06-01T06:59:32+00:00","twitter_card":"summary_large_image","twitter_misc":{"Predpokladan\u00fd \u010das \u010d\u00edtania":"5 min\u00fat"},"schema":{"@context":"https:\/\/schema.org","@graph":[{"@type":"WebPage","@id":"https:\/\/www.royalcomfort.cz\/pruvodce-nakupem","url":"https:\/\/www.royalcomfort.cz\/pruvodce-nakupem","name":"Sprievodca n\u00e1kupom | Royalcomfort.cz","isPartOf":{"@id":"https:\/\/www.royalcomfort.cz\/#website"},"datePublished":"2023-05-23T11:22:51+00:00","dateModified":"2023-06-01T06:59:32+00:00","breadcrumb":{"@id":"https:\/\/www.royalcomfort.cz\/pruvodce-nakupem#breadcrumb"},"inLanguage":"sk-SK","potentialAction":[{"@type":"ReadAction","target":["https:\/\/www.royalcomfort.cz\/pruvodce-nakupem"]}]},{"@type":"BreadcrumbList","@id":"https:\/\/www.royalcomfort.cz\/pruvodce-nakupem#breadcrumb","itemListElement":[{"@type":"ListItem","position":1,"name":"Dom\u016f","item":"https:\/\/www.royalcomfort.cz\/"},{"@type":"ListItem","position":2,"name":"Pr\u016fvodce n\u00e1kupem"}]},{"@type":"WebSite","@id":"https:\/\/www.royalcomfort.cz\/#website","url":"https:\/\/www.royalcomfort.cz\/","name":"Royalcomfort.cz","description":"Luxusn\u00e9 kontinent\u00e1lne postele a matrace","publisher":{"@id":"https:\/\/www.royalcomfort.cz\/#organization"},"potentialAction":[{"@type":"SearchAction","target":{"@type":"EntryPoint","urlTemplate":"https:\/\/www.royalcomfort.cz\/?s={search_term_string}"},"query-input":{"@type":"PropertyValueSpecification","valueRequired":true,"valueName":"search_term_string"}}],"inLanguage":"sk-SK"},{"@type":"Organization","@id":"https:\/\/www.royalcomfort.cz\/#organization","name":"Royal Comfort","url":"https:\/\/www.royalcomfort.cz\/","logo":{"@type":"ImageObject","inLanguage":"sk-SK","@id":"https:\/\/www.royalcomfort.cz\/#\/schema\/logo\/image\/","url":"http:\/\/royalcomfort.cz\/wp-content\/uploads\/2023\/05\/Royal_Comfort_logo_slogan_primarni-2.png","contentUrl":"http:\/\/royalcomfort.cz\/wp-content\/uploads\/2023\/05\/Royal_Comfort_logo_slogan_primarni-2.png","width":631,"height":285,"caption":"Royal Comfort"},"image":{"@id":"https:\/\/www.royalcomfort.cz\/#\/schema\/logo\/image\/"},"sameAs":["https:\/\/www.facebook.com\/KingKoilCz"]}]}},"_links":{"self":[{"href":"https:\/\/www.royalcomfort.cz\/sk\/wp-json\/wp\/v2\/pages\/1415","targetHints":{"allow":["GET"]}}],"collection":[{"href":"https:\/\/www.royalcomfort.cz\/sk\/wp-json\/wp\/v2\/pages"}],"about":[{"href":"https:\/\/www.royalcomfort.cz\/sk\/wp-json\/wp\/v2\/types\/page"}],"author":[{"embeddable":true,"href":"https:\/\/www.royalcomfort.cz\/sk\/wp-json\/wp\/v2\/users\/1"}],"replies":[{"embeddable":true,"href":"https:\/\/www.royalcomfort.cz\/sk\/wp-json\/wp\/v2\/comments?post=1415"}],"version-history":[{"count":22,"href":"https:\/\/www.royalcomfort.cz\/sk\/wp-json\/wp\/v2\/pages\/1415\/revisions"}],"predecessor-version":[{"id":3212,"href":"https:\/\/www.royalcomfort.cz\/sk\/wp-json\/wp\/v2\/pages\/1415\/revisions\/3212"}],"wp:attachment":[{"href":"https:\/\/www.royalcomfort.cz\/sk\/wp-json\/wp\/v2\/media?parent=1415"}],"curies":[{"name":"wp","href":"https:\/\/api.w.org\/{rel}","templated":true}]}}