{"id":3292,"date":"2023-06-30T12:16:01","date_gmt":"2023-06-30T10:16:01","guid":{"rendered":"https:\/\/www.royalcomfort.cz\/?page_id=3292"},"modified":"2025-01-10T09:02:40","modified_gmt":"2025-01-10T08:02:40","slug":"elementor-3292","status":"publish","type":"page","link":"https:\/\/www.royalcomfort.cz\/sk\/elementor-3292","title":{"rendered":"Podmienky s\u00fa\u0165a\u017e\u00ed"},"content":{"rendered":"<div data-elementor-type=\"wp-page\" data-elementor-id=\"3292\" class=\"elementor elementor-3292\" data-elementor-post-type=\"page\">\n\t\t\t\t\t\t<section class=\"elementor-section elementor-top-section elementor-element elementor-element-600768c elementor-section-boxed elementor-section-height-default elementor-section-height-default\" data-id=\"600768c\" data-element_type=\"section\" data-e-type=\"section\" data-settings=\"{&quot;jet_parallax_layout_list&quot;:[]}\">\n\t\t\t\t\t\t\t<div class=\"elementor-background-overlay\"><\/div>\n\t\t\t\t\t\t\t<div class=\"elementor-container elementor-column-gap-default\">\n\t\t\t\t\t<div class=\"elementor-column elementor-col-50 elementor-top-column elementor-element elementor-element-a01f4b1\" data-id=\"a01f4b1\" data-element_type=\"column\" data-e-type=\"column\">\n\t\t\t<div class=\"elementor-widget-wrap elementor-element-populated\">\n\t\t\t\t\t\t<div class=\"elementor-element elementor-element-029a7b8 elementor-widget elementor-widget-heading\" data-id=\"029a7b8\" data-element_type=\"widget\" data-e-type=\"widget\" data-widget_type=\"heading.default\">\n\t\t\t\t<div class=\"elementor-widget-container\">\n\t\t\t\t\t<h1 class=\"elementor-heading-title elementor-size-default\">PODMIENKY V\u00ddBEROV\u00ddCH KONAN\u00cd <\/h1>\t\t\t\t<\/div>\n\t\t\t\t<\/div>\n\t\t\t\t<div class=\"elementor-element elementor-element-2b82b31 elementor-widget-divider--view-line elementor-widget elementor-widget-divider\" data-id=\"2b82b31\" data-element_type=\"widget\" data-e-type=\"widget\" data-widget_type=\"divider.default\">\n\t\t\t\t<div class=\"elementor-widget-container\">\n\t\t\t\t\t\t\t<div class=\"elementor-divider\">\n\t\t\t<span class=\"elementor-divider-separator\">\n\t\t\t\t\t\t<\/span>\n\t\t<\/div>\n\t\t\t\t\t\t<\/div>\n\t\t\t\t<\/div>\n\t\t\t\t<div class=\"elementor-element elementor-element-7fe624a elementor-widget elementor-widget-text-editor\" data-id=\"7fe624a\" data-element_type=\"widget\" data-e-type=\"widget\" data-widget_type=\"text-editor.default\">\n\t\t\t\t<div class=\"elementor-widget-container\">\n\t\t\t\t\t\t\t\t\t<p><b>Royal Comfort s.r.o.<\/b><\/p>\t\t\t\t\t\t\t\t<\/div>\n\t\t\t\t<\/div>\n\t\t\t\t<div class=\"elementor-element elementor-element-a3cc77e elementor-widget elementor-widget-text-editor\" data-id=\"a3cc77e\" data-element_type=\"widget\" data-e-type=\"widget\" data-widget_type=\"text-editor.default\">\n\t\t\t\t<div class=\"elementor-widget-container\">\n\t\t\t\t\t\t\t\t\t<p>ID: 29156173<br \/>\u010c\u00cdSLO DPH: CZ 29156173<br \/>Spisov\u00e1 zna\u010dka: C 326413 veden\u00e1 na Mestskom s\u00fade v Prahe<\/p>\t\t\t\t\t\t\t\t<\/div>\n\t\t\t\t<\/div>\n\t\t\t\t\t<\/div>\n\t\t<\/div>\n\t\t\t\t<div class=\"elementor-column elementor-col-50 elementor-top-column elementor-element elementor-element-95f91e9\" data-id=\"95f91e9\" data-element_type=\"column\" data-e-type=\"column\">\n\t\t\t<div class=\"elementor-widget-wrap elementor-element-populated\">\n\t\t\t\t\t\t<div class=\"elementor-element elementor-element-507068c elementor-skin-coverflow elementor-widget elementor-widget-media-carousel\" data-id=\"507068c\" data-element_type=\"widget\" data-e-type=\"widget\" data-settings=\"{&quot;skin&quot;:&quot;coverflow&quot;,&quot;autoplay_speed&quot;:2000,&quot;space_between&quot;:{&quot;unit&quot;:&quot;px&quot;,&quot;size&quot;:-80,&quot;sizes&quot;:[]},&quot;space_between_tablet&quot;:{&quot;unit&quot;:&quot;px&quot;,&quot;size&quot;:-25,&quot;sizes&quot;:[]},&quot;space_between_mobile&quot;:{&quot;unit&quot;:&quot;px&quot;,&quot;size&quot;:0,&quot;sizes&quot;:[]},&quot;speed&quot;:500,&quot;autoplay&quot;:&quot;yes&quot;,&quot;loop&quot;:&quot;yes&quot;,&quot;pause_on_hover&quot;:&quot;yes&quot;,&quot;pause_on_interaction&quot;:&quot;yes&quot;}\" data-widget_type=\"media-carousel.default\">\n\t\t\t\t<div class=\"elementor-widget-container\">\n\t\t\t\t\t\t\t\t\t<div class=\"elementor-swiper\">\n\t\t\t\t\t<div class=\"elementor-main-swiper swiper\" role=\"region\" aria-roledescription=\"carousel\" aria-label=\"Prezent\u00e1cie\">\n\t\t\t\t<div class=\"swiper-wrapper\">\n\t\t\t\t\t\t\t\t\t\t\t<div class=\"swiper-slide\" role=\"group\" aria-roledescription=\"slide\">\n\t\t\t\t\t\t\t\t\t<div class=\"elementor-carousel-image\" role=\"img\" aria-label=\"d\u00e1mske\" style=\"background-image: url(&#039;https:\/\/www.royalcomfort.cz\/wp-content\/uploads\/2023\/06\/womens.png&#039;)\">\n\n\t\t\t\n\t\t\t\t\t<\/div>\n\t\t\t\t\t\t\t\t<\/div>\n\t\t\t\t\t\t\t\t\t\t\t<div class=\"swiper-slide\" role=\"group\" aria-roledescription=\"slide\">\n\t\t\t\t\t\t\t\t\t<div class=\"elementor-carousel-image\" role=\"img\" aria-label=\"modern\u00e9-luxusn\u00e9-hotelov\u00e9-izby-s-pohodln\u00fdmi-poste\u013eami-generovan\u00e9-ai (1)\" style=\"background-image: url(&#039;https:\/\/www.royalcomfort.cz\/wp-content\/uploads\/2023\/06\/modern-luxury-hotel-room-with-comfortable-bedding-generated-by-ai-1.jpg&#039;)\">\n\n\t\t\t\n\t\t\t\t\t<\/div>\n\t\t\t\t\t\t\t\t<\/div>\n\t\t\t\t\t\t\t\t\t\t\t<div class=\"swiper-slide\" role=\"group\" aria-roledescription=\"slide\">\n\t\t\t\t\t\t\t\t\t<div class=\"elementor-carousel-image\" role=\"img\" aria-label=\"5045-1309251295_v\" style=\"background-image: url(&#039;https:\/\/www.royalcomfort.cz\/wp-content\/uploads\/2023\/05\/5045-1309251295_v.jpg&#039;)\">\n\n\t\t\t\n\t\t\t\t\t<\/div>\n\t\t\t\t\t\t\t\t<\/div>\n\t\t\t\t\t\t\t\t\t\t\t<div class=\"swiper-slide\" role=\"group\" aria-roledescription=\"slide\">\n\t\t\t\t\t\t\t\t\t<div class=\"elementor-carousel-image\" role=\"img\" aria-label=\"5151-0912336118_v\" style=\"background-image: url(&#039;https:\/\/www.royalcomfort.cz\/wp-content\/uploads\/2023\/05\/5151-0912336118_v.jpg&#039;)\">\n\n\t\t\t\n\t\t\t\t\t<\/div>\n\t\t\t\t\t\t\t\t<\/div>\n\t\t\t\t\t\t\t\t\t<\/div>\n\t\t\t\t\t\t\t\t\t\t\t\t\t\t\t\t\t\t\t\t\t<\/div>\n\t\t\t\t<\/div>\n\t\t\t\t\t\t\t\t<\/div>\n\t\t\t\t<\/div>\n\t\t\t\t\t<\/div>\n\t\t<\/div>\n\t\t\t\t\t<\/div>\n\t\t<\/section>\n\t\t\t\t<section class=\"elementor-section elementor-top-section elementor-element elementor-element-bb49d4b elementor-section-boxed elementor-section-height-default elementor-section-height-default\" data-id=\"bb49d4b\" data-element_type=\"section\" data-e-type=\"section\" data-settings=\"{&quot;jet_parallax_layout_list&quot;:[]}\">\n\t\t\t\t\t\t<div class=\"elementor-container elementor-column-gap-default\">\n\t\t\t\t\t<div class=\"elementor-column elementor-col-100 elementor-top-column elementor-element elementor-element-1f5025b\" data-id=\"1f5025b\" data-element_type=\"column\" data-e-type=\"column\">\n\t\t\t<div class=\"elementor-widget-wrap elementor-element-populated\">\n\t\t\t\t\t\t<div class=\"elementor-element elementor-element-03788df elementor-widget elementor-widget-text-editor\" data-id=\"03788df\" data-element_type=\"widget\" data-e-type=\"widget\" data-widget_type=\"text-editor.default\">\n\t\t\t\t<div class=\"elementor-widget-container\">\n\t\t\t\t\t\t\t\t\t<h3>1. \u00davodn\u00e9 ustanovenia<\/h3><p>Organiz\u00e1torom s\u00fa\u0165a\u017ee je spolo\u010dnos\u0165 Royal Comfort s .r.o., Na Florenci 1332\/23, Praha 1, I\u010cO: 29156173. S\u00fa\u0165a\u017e je ur\u010den\u00e1 pre osoby star\u0161ie ako 18 rokov s trval\u00fdm pobytom v \u010ceskej republike, ktor\u00e9 s\u00fa sp\u00f4sobil\u00e9 na pr\u00e1vne \u00fakony. S\u00fa\u0165a\u017e je organizovan\u00e1 na webovej str\u00e1nke organiz\u00e1tora www.royalcomfort.cz alebo na facebookovej str\u00e1nke Royal Comfort \u010cR https:\/\/www.facebook.com\/KingKoilCz\/.<br \/>Zamestnanci spolo\u010dnosti Royal Comfort s.r.o. a im bl\u00edzke osoby s\u00fa z \u00fa\u010dasti na s\u00fa\u0165a\u017ei vyl\u00fa\u010den\u00ed.<br \/>Organiz\u00e1tor si vyhradzuje pr\u00e1vo upravi\u0165 pravidl\u00e1 po\u010das s\u00fa\u0165a\u017ee, najm\u00e4 d\u013a\u017eku trvania s\u00fa\u0165a\u017ee.<br \/>\u00da\u010das\u0165ou v s\u00fa\u0165a\u017ei sa v\u0161etci \u00fa\u010dastn\u00edci zav\u00e4zuj\u00fa dodr\u017eiava\u0165 tieto pravidl\u00e1.<\/p><h3>2. \u00da\u010das\u0165 na s\u00fa\u0165a\u017ei<\/h3><p>Aby ste sa mohli z\u00fa\u010dastni\u0165 s\u00fa\u0165a\u017ee (by\u0165 zaraden\u00ed do z\u00e1vere\u010dn\u00e9ho \u017erebovania), mus\u00edte splni\u0165 tieto podmienky:<\/p><ul><li>vyplni\u0165 registra\u010dn\u00fd formul\u00e1r na https:\/\/eshop.royalcomfort.cz\/registrace\/ a z\u00fa\u010dastni\u0165 sa s\u00fa\u0165a\u017ee na facebookovej str\u00e1nke Royal Comfort https:\/\/www.facebook.com\/KingKoilCz\/ alebo splni\u0165 podmienky s\u00fa\u0165a\u017ee, ktor\u00e9 s\u00fa uveden\u00e9 v konkr\u00e9tnom zadan\u00ed<\/li><li>pri vyp\u013a\u0148an\u00ed registra\u010dn\u00e9ho formul\u00e1ra uve\u010fte v\u0161etky po\u017eadovan\u00e9 inform\u00e1cie pravdivo, nevyplnenie ak\u00fdchko\u013evek \u00fadajov je d\u00f4vodom na neuznanie \u00fa\u010dasti v s\u00fa\u0165a\u017ei<\/li><li>odpoveda\u0165 na s\u00fa\u0165a\u017en\u00fa ot\u00e1zku<\/li><li>ka\u017ed\u00fd s\u00fa\u0165a\u017eiaci sa m\u00f4\u017ee z\u00fa\u010dastni\u0165 len raz, duplicitn\u00e9 odpovede nebud\u00fa zaraden\u00e9 do \u017erebovania<\/li><\/ul><h3>3. \u017drebovanie v\u00fdhercov<\/h3><p>\u017drebovanie v\u00fdhercov sa uskuto\u010dn\u00ed najnesk\u00f4r 15. de\u0148 mesiaca nasleduj\u00faceho po skon\u010den\u00ed s\u00fa\u0165a\u017ee. Ka\u017ed\u00fd s\u00fa\u0165a\u017eiaci m\u00f4\u017ee vyhra\u0165 len jednu cenu.<br \/>V\u00fdhercovia bud\u00fa informovan\u00ed e-mailom na adresu, ktor\u00fa uved\u00fa v s\u00fa\u0165a\u017enom formul\u00e1ri, a zverejnen\u00edm na webovej str\u00e1nke spolo\u010dnosti a na str\u00e1nkach Facebooku. V pr\u00edpade, \u017ee sa v\u00fdhercu nepodar\u00ed kontaktova\u0165 do 30 dn\u00ed od vy\u017erebovania, jeho v\u00fdhra prepadne bez n\u00e1hrady.<br \/>Organiz\u00e1tor si vyhradzuje pr\u00e1vo prija\u0165 kone\u010dn\u00e9 rozhodnutie v sporn\u00fdch pr\u00edpadoch.<br \/>pod\u013ea vlastn\u00e9ho pos\u00fadenia na z\u00e1klade dostupn\u00fdch inform\u00e1ci\u00ed a zdrojov. V\u00fdhry nie s\u00fa s\u00fadne vym\u00e1hate\u013en\u00e9.<br \/>Organiz\u00e1tor nezodpoved\u00e1 za technick\u00e9 probl\u00e9my s\u00favisiace s doru\u010den\u00edm odpoved\u00ed.<br \/>Na spracovanie s\u00fa prijate\u013en\u00e9 len prijat\u00e9 odpovede.<\/p><h3>4. Z\u00e1sady ochrany osobn\u00fdch \u00fadajov<\/h3><p>Organiz\u00e1tor s\u00fa\u0165a\u017ee vyhlasuje, \u017ee poskytnut\u00e9 osobn\u00e9 \u00fadaje bude pou\u017e\u00edva\u0165 len po dobu nevyhnutn\u00fa na \u00fa\u010del uveden\u00fd v s\u00fahlase so spracovan\u00edm osobn\u00fdch \u00fadajov a neposkytne ich in\u00e9mu subjektu alebo inej strane.<br \/>Vzh\u013eadom na pr\u00e1vnu \u00fapravu z\u00e1kona o ochrane osobn\u00fdch \u00fadajov nie je mo\u017en\u00e9 zverejni\u0165 a ozn\u00e1mi\u0165 s\u00fa\u0165a\u017eiacemu, ktor\u00fd sp\u013a\u0148a podmienky s\u00fa\u0165a\u017ee a ktor\u00fd nedal s\u00fahlas so spracovan\u00edm osobn\u00fdch \u00fadajov<br \/>o pr\u00edpadnom \u017erebovan\u00ed v s\u00fa\u0165a\u017ei.<br \/>Ostatn\u00e9 vz\u0165ahy v\u00fdslovne neupraven\u00e9 t\u00fdmito pravidlami sa riadia z\u00e1konom \u010d. 89\/2012 Z. z., Ob\u010diansky z\u00e1konn\u00edk.<br \/>K\u00f3d.<br \/>Men\u00e1 v\u00ed\u0165azov bud\u00fa po skon\u010den\u00ed s\u00fa\u0165a\u017ee zverejnen\u00e9 na webovej str\u00e1nke www.royalcomfort.cz.<\/p>\t\t\t\t\t\t\t\t<\/div>\n\t\t\t\t<\/div>\n\t\t\t\t\t<\/div>\n\t\t<\/div>\n\t\t\t\t\t<\/div>\n\t\t<\/section>\n\t\t\t\t<section class=\"elementor-section elementor-top-section elementor-element elementor-element-79ccdc3 elementor-section-boxed elementor-section-height-default elementor-section-height-default\" data-id=\"79ccdc3\" data-element_type=\"section\" data-e-type=\"section\" data-settings=\"{&quot;jet_parallax_layout_list&quot;:[]}\">\n\t\t\t\t\t\t\t<div class=\"elementor-background-overlay\"><\/div>\n\t\t\t\t\t\t\t<div class=\"elementor-container elementor-column-gap-default\">\n\t\t\t\t\t<div class=\"elementor-column elementor-col-100 elementor-top-column elementor-element elementor-element-baa492e\" data-id=\"baa492e\" data-element_type=\"column\" data-e-type=\"column\" data-settings=\"{&quot;background_background&quot;:&quot;classic&quot;}\">\n\t\t\t<div class=\"elementor-widget-wrap\">\n\t\t\t\t\t\t\t<\/div>\n\t\t<\/div>\n\t\t\t\t\t<\/div>\n\t\t<\/section>\n\t\t\t\t<\/div>","protected":false},"excerpt":{"rendered":"<p>PODM\u00cdNKY SOUT\u011a\u017d\u00cd spole\u010dnosti Royal Comfort s.r.o. I\u010c: 29156173DI\u010c: CZ 29156173Spisov\u00e1 zna\u010dka: C 326413 veden\u00e1 u M\u011bstsk\u00e9ho soudu v Praze 1. \u00davodn\u00ed ustanoven\u00ed Organiz\u00e1torem sout\u011b\u017e\u00ed je spole\u010dnost Royal Comfort s .r.o. se s\u00eddlem Na Florenci 1332\/23, Praha 1, I\u010c: 29156173. Sout\u011b\u017e je ur\u010dena pro osoby star\u0161\u00ed 18 let s trval\u00fdm pobytem na \u00fazem\u00ed \u010cR, kter\u00e9 jsou [&hellip;]<\/p>\n","protected":false},"author":1,"featured_media":0,"parent":0,"menu_order":0,"comment_status":"closed","ping_status":"closed","template":"","meta":{"inline_featured_image":false,"footnotes":""},"class_list":["post-3292","page","type-page","status-publish","hentry"],"yoast_head":"<!-- This site is optimized with the Yoast SEO plugin v27.5 - https:\/\/yoast.com\/product\/yoast-seo-wordpress\/ -->\n<title>Podm\u00ednky sout\u011b\u017e\u00ed | Royalcomfort.cz<\/title>\n<meta name=\"robots\" content=\"index, follow, max-snippet:-1, max-image-preview:large, max-video-preview:-1\" \/>\n<link rel=\"canonical\" href=\"https:\/\/www.royalcomfort.cz\/sk\/elementor-3292\/\" \/>\n<meta property=\"og:locale\" content=\"sk_SK\" \/>\n<meta property=\"og:type\" content=\"article\" \/>\n<meta property=\"og:title\" content=\"Podm\u00ednky sout\u011b\u017e\u00ed | Royalcomfort.cz\" \/>\n<meta property=\"og:description\" content=\"PODM\u00cdNKY SOUT\u011a\u017d\u00cd spole\u010dnosti Royal Comfort s.r.o. I\u010c: 29156173DI\u010c: CZ 29156173Spisov\u00e1 zna\u010dka: C 326413 veden\u00e1 u M\u011bstsk\u00e9ho soudu v Praze 1. \u00davodn\u00ed ustanoven\u00ed Organiz\u00e1torem sout\u011b\u017e\u00ed je spole\u010dnost Royal Comfort s .r.o. se s\u00eddlem Na Florenci 1332\/23, Praha 1, I\u010c: 29156173. Sout\u011b\u017e je ur\u010dena pro osoby star\u0161\u00ed 18 let s trval\u00fdm pobytem na \u00fazem\u00ed \u010cR, kter\u00e9 jsou [&hellip;]\" \/>\n<meta property=\"og:url\" content=\"https:\/\/www.royalcomfort.cz\/sk\/elementor-3292\/\" \/>\n<meta property=\"og:site_name\" content=\"Royalcomfort.cz\" \/>\n<meta property=\"article:publisher\" content=\"https:\/\/www.facebook.com\/KingKoilCz\" \/>\n<meta property=\"article:modified_time\" content=\"2025-01-10T08:02:40+00:00\" \/>\n<meta name=\"twitter:card\" content=\"summary_large_image\" \/>\n<meta name=\"twitter:label1\" content=\"Predpokladan\u00fd \u010das \u010d\u00edtania\" \/>\n\t<meta name=\"twitter:data1\" content=\"3 min\u00faty\" \/>\n<script type=\"application\/ld+json\" class=\"yoast-schema-graph\">{\"@context\":\"https:\\\/\\\/schema.org\",\"@graph\":[{\"@type\":\"WebPage\",\"@id\":\"https:\\\/\\\/www.royalcomfort.cz\\\/elementor-3292\",\"url\":\"https:\\\/\\\/www.royalcomfort.cz\\\/elementor-3292\",\"name\":\"Podm\u00ednky sout\u011b\u017e\u00ed | Royalcomfort.cz\",\"isPartOf\":{\"@id\":\"https:\\\/\\\/www.royalcomfort.cz\\\/#website\"},\"datePublished\":\"2023-06-30T10:16:01+00:00\",\"dateModified\":\"2025-01-10T08:02:40+00:00\",\"breadcrumb\":{\"@id\":\"https:\\\/\\\/www.royalcomfort.cz\\\/elementor-3292#breadcrumb\"},\"inLanguage\":\"sk-SK\",\"potentialAction\":[{\"@type\":\"ReadAction\",\"target\":[\"https:\\\/\\\/www.royalcomfort.cz\\\/elementor-3292\"]}]},{\"@type\":\"BreadcrumbList\",\"@id\":\"https:\\\/\\\/www.royalcomfort.cz\\\/elementor-3292#breadcrumb\",\"itemListElement\":[{\"@type\":\"ListItem\",\"position\":1,\"name\":\"Dom\u016f\",\"item\":\"https:\\\/\\\/www.royalcomfort.cz\\\/\"},{\"@type\":\"ListItem\",\"position\":2,\"name\":\"Podm\u00ednky sout\u011b\u017e\u00ed\"}]},{\"@type\":\"WebSite\",\"@id\":\"https:\\\/\\\/www.royalcomfort.cz\\\/#website\",\"url\":\"https:\\\/\\\/www.royalcomfort.cz\\\/\",\"name\":\"Royalcomfort.cz\",\"description\":\"Luxusn\u00ed kontinent\u00e1ln\u00ed postele a matrace\",\"publisher\":{\"@id\":\"https:\\\/\\\/www.royalcomfort.cz\\\/#organization\"},\"potentialAction\":[{\"@type\":\"SearchAction\",\"target\":{\"@type\":\"EntryPoint\",\"urlTemplate\":\"https:\\\/\\\/www.royalcomfort.cz\\\/?s={search_term_string}\"},\"query-input\":{\"@type\":\"PropertyValueSpecification\",\"valueRequired\":true,\"valueName\":\"search_term_string\"}}],\"inLanguage\":\"sk-SK\"},{\"@type\":\"Organization\",\"@id\":\"https:\\\/\\\/www.royalcomfort.cz\\\/#organization\",\"name\":\"Royal Comfort\",\"url\":\"https:\\\/\\\/www.royalcomfort.cz\\\/\",\"logo\":{\"@type\":\"ImageObject\",\"inLanguage\":\"sk-SK\",\"@id\":\"https:\\\/\\\/www.royalcomfort.cz\\\/#\\\/schema\\\/logo\\\/image\\\/\",\"url\":\"http:\\\/\\\/royalcomfort.cz\\\/wp-content\\\/uploads\\\/2023\\\/05\\\/Royal_Comfort_logo_slogan_primarni-2.png\",\"contentUrl\":\"http:\\\/\\\/royalcomfort.cz\\\/wp-content\\\/uploads\\\/2023\\\/05\\\/Royal_Comfort_logo_slogan_primarni-2.png\",\"width\":631,\"height\":285,\"caption\":\"Royal Comfort\"},\"image\":{\"@id\":\"https:\\\/\\\/www.royalcomfort.cz\\\/#\\\/schema\\\/logo\\\/image\\\/\"},\"sameAs\":[\"https:\\\/\\\/www.facebook.com\\\/KingKoilCz\"]}]}<\/script>\n<!-- \/ Yoast SEO plugin. -->","yoast_head_json":{"title":"Podmienky s\u00fa\u0165a\u017ee | Royalcomfort.cz","robots":{"index":"index","follow":"follow","max-snippet":"max-snippet:-1","max-image-preview":"max-image-preview:large","max-video-preview":"max-video-preview:-1"},"canonical":"https:\/\/www.royalcomfort.cz\/sk\/elementor-3292\/","og_locale":"sk_SK","og_type":"article","og_title":"Podm\u00ednky sout\u011b\u017e\u00ed | Royalcomfort.cz","og_description":"PODM\u00cdNKY SOUT\u011a\u017d\u00cd spole\u010dnosti Royal Comfort s.r.o. I\u010c: 29156173DI\u010c: CZ 29156173Spisov\u00e1 zna\u010dka: C 326413 veden\u00e1 u M\u011bstsk\u00e9ho soudu v Praze 1. \u00davodn\u00ed ustanoven\u00ed Organiz\u00e1torem sout\u011b\u017e\u00ed je spole\u010dnost Royal Comfort s .r.o. se s\u00eddlem Na Florenci 1332\/23, Praha 1, I\u010c: 29156173. Sout\u011b\u017e je ur\u010dena pro osoby star\u0161\u00ed 18 let s trval\u00fdm pobytem na \u00fazem\u00ed \u010cR, kter\u00e9 jsou [&hellip;]","og_url":"https:\/\/www.royalcomfort.cz\/sk\/elementor-3292\/","og_site_name":"Royalcomfort.cz","article_publisher":"https:\/\/www.facebook.com\/KingKoilCz","article_modified_time":"2025-01-10T08:02:40+00:00","twitter_card":"summary_large_image","twitter_misc":{"Predpokladan\u00fd \u010das \u010d\u00edtania":"3 min\u00faty"},"schema":{"@context":"https:\/\/schema.org","@graph":[{"@type":"WebPage","@id":"https:\/\/www.royalcomfort.cz\/elementor-3292","url":"https:\/\/www.royalcomfort.cz\/elementor-3292","name":"Podmienky s\u00fa\u0165a\u017ee | Royalcomfort.cz","isPartOf":{"@id":"https:\/\/www.royalcomfort.cz\/#website"},"datePublished":"2023-06-30T10:16:01+00:00","dateModified":"2025-01-10T08:02:40+00:00","breadcrumb":{"@id":"https:\/\/www.royalcomfort.cz\/elementor-3292#breadcrumb"},"inLanguage":"sk-SK","potentialAction":[{"@type":"ReadAction","target":["https:\/\/www.royalcomfort.cz\/elementor-3292"]}]},{"@type":"BreadcrumbList","@id":"https:\/\/www.royalcomfort.cz\/elementor-3292#breadcrumb","itemListElement":[{"@type":"ListItem","position":1,"name":"Dom\u016f","item":"https:\/\/www.royalcomfort.cz\/"},{"@type":"ListItem","position":2,"name":"Podm\u00ednky sout\u011b\u017e\u00ed"}]},{"@type":"WebSite","@id":"https:\/\/www.royalcomfort.cz\/#website","url":"https:\/\/www.royalcomfort.cz\/","name":"Royalcomfort.cz","description":"Luxusn\u00e9 kontinent\u00e1lne postele a matrace","publisher":{"@id":"https:\/\/www.royalcomfort.cz\/#organization"},"potentialAction":[{"@type":"SearchAction","target":{"@type":"EntryPoint","urlTemplate":"https:\/\/www.royalcomfort.cz\/?s={search_term_string}"},"query-input":{"@type":"PropertyValueSpecification","valueRequired":true,"valueName":"search_term_string"}}],"inLanguage":"sk-SK"},{"@type":"Organization","@id":"https:\/\/www.royalcomfort.cz\/#organization","name":"Royal Comfort","url":"https:\/\/www.royalcomfort.cz\/","logo":{"@type":"ImageObject","inLanguage":"sk-SK","@id":"https:\/\/www.royalcomfort.cz\/#\/schema\/logo\/image\/","url":"http:\/\/royalcomfort.cz\/wp-content\/uploads\/2023\/05\/Royal_Comfort_logo_slogan_primarni-2.png","contentUrl":"http:\/\/royalcomfort.cz\/wp-content\/uploads\/2023\/05\/Royal_Comfort_logo_slogan_primarni-2.png","width":631,"height":285,"caption":"Royal Comfort"},"image":{"@id":"https:\/\/www.royalcomfort.cz\/#\/schema\/logo\/image\/"},"sameAs":["https:\/\/www.facebook.com\/KingKoilCz"]}]}},"_links":{"self":[{"href":"https:\/\/www.royalcomfort.cz\/sk\/wp-json\/wp\/v2\/pages\/3292","targetHints":{"allow":["GET"]}}],"collection":[{"href":"https:\/\/www.royalcomfort.cz\/sk\/wp-json\/wp\/v2\/pages"}],"about":[{"href":"https:\/\/www.royalcomfort.cz\/sk\/wp-json\/wp\/v2\/types\/page"}],"author":[{"embeddable":true,"href":"https:\/\/www.royalcomfort.cz\/sk\/wp-json\/wp\/v2\/users\/1"}],"replies":[{"embeddable":true,"href":"https:\/\/www.royalcomfort.cz\/sk\/wp-json\/wp\/v2\/comments?post=3292"}],"version-history":[{"count":30,"href":"https:\/\/www.royalcomfort.cz\/sk\/wp-json\/wp\/v2\/pages\/3292\/revisions"}],"predecessor-version":[{"id":4800,"href":"https:\/\/www.royalcomfort.cz\/sk\/wp-json\/wp\/v2\/pages\/3292\/revisions\/4800"}],"wp:attachment":[{"href":"https:\/\/www.royalcomfort.cz\/sk\/wp-json\/wp\/v2\/media?parent=3292"}],"curies":[{"name":"wp","href":"https:\/\/api.w.org\/{rel}","templated":true}]}}